{"id":2978,"date":"2025-08-18T20:42:42","date_gmt":"2025-08-19T01:42:42","guid":{"rendered":"https:\/\/www.proyectoweb.forestalgil.com\/?page_id=2978"},"modified":"2025-09-13T01:54:36","modified_gmt":"2025-09-13T06:54:36","slug":"cultural-tours","status":"publish","type":"page","link":"https:\/\/www.birdsightingsperu.com\/pt\/peru-tours\/cultural-tours\/","title":{"rendered":"Tours culturais"},"content":{"rendered":"<div data-elementor-type=\"wp-page\" data-elementor-id=\"2978\" class=\"elementor elementor-2978\">\n\t\t\t\t\t\t<section class=\"elementor-section elementor-top-section elementor-element elementor-element-3e5d57aa elementor-section-boxed elementor-section-height-default elementor-section-height-default row-top wpr-particle-no wpr-jarallax-no wpr-parallax-no wpr-equal-height-no\" data-id=\"3e5d57aa\" data-element_type=\"section\" data-e-type=\"section\" data-settings=\"{&quot;background_background&quot;:&quot;classic&quot;}\">\n\t\t\t\t\t\t\t<div class=\"elementor-background-overlay\"><\/div>\n\t\t\t\t\t\t\t<div class=\"elementor-container elementor-column-gap-default\">\n\t\t\t\t\t<div class=\"elementor-column elementor-col-100 elementor-top-column elementor-element elementor-element-5a4d4f86\" data-id=\"5a4d4f86\" data-element_type=\"column\" data-e-type=\"column\">\n\t\t\t<div class=\"elementor-widget-wrap elementor-element-populated\">\n\t\t\t\t\t\t<div class=\"elementor-element elementor-element-69bc342c elementor-widget elementor-widget-heading\" data-id=\"69bc342c\" data-element_type=\"widget\" data-e-type=\"widget\" data-widget_type=\"heading.default\">\n\t\t\t\t<div class=\"elementor-widget-container\">\n\t\t\t\t\t<h2 class=\"elementor-heading-title elementor-size-default\">TOURS CULTURAIS<\/h2>\t\t\t\t<\/div>\n\t\t\t\t<\/div>\n\t\t\t\t\t<\/div>\n\t\t<\/div>\n\t\t\t\t\t<\/div>\n\t\t<\/section>\n\t\t<div class=\"elementor-element elementor-element-4033c381 e-flex e-con-boxed wpr-particle-no wpr-jarallax-no wpr-parallax-no wpr-sticky-section-no wpr-equal-height-no e-con e-parent\" data-id=\"4033c381\" data-element_type=\"container\" data-e-type=\"container\" data-settings=\"{&quot;background_background&quot;:&quot;classic&quot;}\">\n\t\t\t\t\t<div class=\"e-con-inner\">\n\t\t\t\t<div class=\"elementor-element elementor-element-28d2c09b elementor-widget elementor-widget-eael-breadcrumbs\" data-id=\"28d2c09b\" data-element_type=\"widget\" data-e-type=\"widget\" data-widget_type=\"eael-breadcrumbs.default\">\n\t\t\t\t<div class=\"elementor-widget-container\">\n\t\t\t\t\t\t\t<div class=\"eael-breadcrumbs\">\n\t\t\t<div class=\"eael-breadcrumbs__content\"><a href=\"https:\/\/www.birdsightingsperu.com\/pt\">Inicio<\/a> <span class=\"eael-breadcrumb-separator\">\/<\/span> <span class = \"eael-current\">P\u00e1gina<\/span><\/div>\t\t<\/div>\n\t\t\t\t\t\t<\/div>\n\t\t\t\t<\/div>\n\t\t\t\t\t<\/div>\n\t\t\t\t<\/div>\n\t\t\t\t<section class=\"elementor-section elementor-top-section elementor-element elementor-element-2342ac6e elementor-section-boxed elementor-section-height-default elementor-section-height-default row-top wpr-particle-no wpr-jarallax-no wpr-parallax-no wpr-sticky-section-no wpr-equal-height-no\" data-id=\"2342ac6e\" data-element_type=\"section\" data-e-type=\"section\" data-settings=\"{&quot;background_background&quot;:&quot;classic&quot;}\">\n\t\t\t\t\t\t<div class=\"elementor-container elementor-column-gap-default\">\n\t\t\t\t\t<div class=\"elementor-column elementor-col-100 elementor-top-column elementor-element elementor-element-5cd9ae49\" data-id=\"5cd9ae49\" data-element_type=\"column\" data-e-type=\"column\">\n\t\t\t<div class=\"elementor-widget-wrap elementor-element-populated\">\n\t\t\t\t\t\t<div class=\"elementor-element elementor-element-72291707 elementor-widget elementor-widget-heading\" data-id=\"72291707\" data-element_type=\"widget\" data-e-type=\"widget\" data-widget_type=\"heading.default\">\n\t\t\t\t<div class=\"elementor-widget-container\">\n\t\t\t\t\t<h2 class=\"elementor-heading-title elementor-size-default\">Tours culturais no Peru: hist\u00f3ria, s\u00edtios incas e tradi\u00e7\u00f5es andinas<\/h2>\t\t\t\t<\/div>\n\t\t\t\t<\/div>\n\t\t\t\t<div class=\"elementor-element elementor-element-71081143 elementor-widget elementor-widget-text-editor\" data-id=\"71081143\" data-element_type=\"widget\" data-e-type=\"widget\" data-widget_type=\"text-editor.default\">\n\t\t\t\t<div class=\"elementor-widget-container\">\n\t\t\t\t\t\t\t\t\t<p>Descubra a hist\u00f3ria e as tradi\u00e7\u00f5es do Peru por meio de tours culturais que exploram antigos s\u00edtios incas, heran\u00e7a colonial e a vibrante cultura andina. Das ruas animadas de Cusco ao ic\u00f4nico Machu Picchu, nossos roteiros combinam hist\u00f3ria, paisagens e tradi\u00e7\u00f5es locais para criar uma experi\u00eancia de viagem enriquecedora.<\/p>\t\t\t\t\t\t\t\t<\/div>\n\t\t\t\t<\/div>\n\t\t\t\t<div class=\"elementor-element elementor-element-9aedbdd elementor-widget elementor-widget-heading\" data-id=\"9aedbdd\" data-element_type=\"widget\" data-e-type=\"widget\" data-widget_type=\"heading.default\">\n\t\t\t\t<div class=\"elementor-widget-container\">\n\t\t\t\t\t<h2 class=\"elementor-heading-title elementor-size-default\">Tours dispon\u00edveis:<\/h2>\t\t\t\t<\/div>\n\t\t\t\t<\/div>\n\t\t<div class=\"elementor-element elementor-element-224aa620 e-flex e-con-boxed wpr-particle-no wpr-jarallax-no wpr-parallax-no wpr-sticky-section-no wpr-equal-height-no e-con e-parent\" data-id=\"224aa620\" data-element_type=\"container\" data-e-type=\"container\">\n\t\t\t\t\t<div class=\"e-con-inner\">\n\t\t<div class=\"elementor-element elementor-element-0e43ec2 e-con-full e-flex wpr-particle-no wpr-jarallax-no wpr-parallax-no wpr-sticky-section-no wpr-equal-height-no e-con e-child\" data-id=\"0e43ec2\" data-element_type=\"container\" data-e-type=\"container\">\n\t\t\t\t<div class=\"elementor-element elementor-element-94199fe wpr-promo-box-style-cover elementor-invisible elementor-widget elementor-widget-wpr-promo-box\" data-id=\"94199fe\" data-element_type=\"widget\" data-e-type=\"widget\" data-settings=\"{&quot;_animation&quot;:&quot;slideInLeft&quot;}\" data-widget_type=\"wpr-promo-box.default\">\n\t\t\t\t<div class=\"elementor-widget-container\">\n\t\t\t\t\t\n\t\t<div class=\"wpr-promo-box wpr-animation-wrap\">\n\n\t\t\t\t\t\t\t\n\t\t\t\t\t\t\t<div class=\"wpr-promo-box-image\">\n\t\t\t\t\t<div class=\"wpr-promo-box-bg-image wpr-bg-anim-zoom-in wpr-anim-timing-ease-default\" style=\"background-image:url(https:\/\/www.birdsightingsperu.com\/wp-content\/uploads\/2025\/08\/MAPI-1.jpg);\"><\/div>\n\t\t\t\t\t<div class=\"wpr-promo-box-bg-overlay wpr-border-anim-oscar\"><\/div>\n\t\t\t\t<\/div>\n\t\t\t\t\t\t\n\t\t\t<div class=\"wpr-promo-box-content\">\n\n\t\t\t\t\t\t\t\t<div class=\"wpr-promo-box-icon\">\n\t\t\t\t\t\t\t\t\t<\/div>\n\t\t\t\t\n\t\t\t\t<h2 class=\"wpr-promo-box-title\"><span>Descubra a Magia de Cusco<\/span><\/h2>\n\t\t\t\t\t\t\t\t\t<div class=\"wpr-promo-box-description\">\n\t\t\t\t\t\t<p><p>Op\u00e7\u00f5es de meio dia e dia completo<br \/>Visite locais emblem\u00e1ticos como Qorikancha, Sacsayhuam\u00e1n e mercados locais para vivenciar a hist\u00f3ria viva de Cusco.<\/p><\/p>\t\n\t\t\t\t\t<\/div>\t\t\t\t\t\t\n\t\t\t\t\n\t\t\t\t\t\t\t<\/div>\n\n\t\t\t\t\t<\/div>\n\n\t\t\t\t\t\t<\/div>\n\t\t\t\t<\/div>\n\t\t\t\t<div class=\"elementor-element elementor-element-a3fe0fd elementor-widget elementor-widget-button\" data-id=\"a3fe0fd\" data-element_type=\"widget\" data-e-type=\"widget\" data-widget_type=\"button.default\">\n\t\t\t\t<div class=\"elementor-widget-container\">\n\t\t\t\t\t\t\t\t\t<div class=\"elementor-button-wrapper\">\n\t\t\t\t\t<a class=\"elementor-button elementor-button-link elementor-size-sm elementor-animation-grow\" href=\"\/pt\/discover-the-magic-of-cusco\/\">\n\t\t\t\t\t\t<span class=\"elementor-button-content-wrapper\">\n\t\t\t\t\t\t<span class=\"elementor-button-icon\">\n\t\t\t\t<i aria-hidden=\"true\" class=\"fas fa-arrow-right\"><\/i>\t\t\t<\/span>\n\t\t\t\t\t\t\t\t\t<span class=\"elementor-button-text\">Ver Tour<\/span>\n\t\t\t\t\t<\/span>\n\t\t\t\t\t<\/a>\n\t\t\t\t<\/div>\n\t\t\t\t\t\t\t\t<\/div>\n\t\t\t\t<\/div>\n\t\t\t\t<\/div>\n\t\t<div class=\"elementor-element elementor-element-1ef92f1 e-con-full e-flex wpr-particle-no wpr-jarallax-no wpr-parallax-no wpr-sticky-section-no wpr-equal-height-no e-con e-child\" data-id=\"1ef92f1\" data-element_type=\"container\" data-e-type=\"container\">\n\t\t\t\t<div class=\"elementor-element elementor-element-0d3ebe0 wpr-promo-box-style-cover elementor-invisible elementor-widget elementor-widget-wpr-promo-box\" data-id=\"0d3ebe0\" data-element_type=\"widget\" data-e-type=\"widget\" data-settings=\"{&quot;_animation&quot;:&quot;slideInRight&quot;}\" data-widget_type=\"wpr-promo-box.default\">\n\t\t\t\t<div class=\"elementor-widget-container\">\n\t\t\t\t\t\n\t\t<div class=\"wpr-promo-box wpr-animation-wrap\">\n\n\t\t\t\t\t\t\t\n\t\t\t\t\t\t\t<div class=\"wpr-promo-box-image\">\n\t\t\t\t\t<div class=\"wpr-promo-box-bg-image wpr-bg-anim-zoom-in wpr-anim-timing-ease-default\" style=\"background-image:url(https:\/\/www.birdsightingsperu.com\/wp-content\/uploads\/2025\/08\/pexels-gilmerdiaz-14172358-scaled.jpg);\"><\/div>\n\t\t\t\t\t<div class=\"wpr-promo-box-bg-overlay wpr-border-anim-oscar\"><\/div>\n\t\t\t\t<\/div>\n\t\t\t\t\t\t\n\t\t\t<div class=\"wpr-promo-box-content\">\n\n\t\t\t\t\t\t\t\t<div class=\"wpr-promo-box-icon\">\n\t\t\t\t\t\t\t\t\t<\/div>\n\t\t\t\t\n\t\t\t\t<h2 class=\"wpr-promo-box-title\"><span>Cultura e aventura <\/span><\/h2>\n\t\t\t\t\t\t\t\t\t<div class=\"wpr-promo-box-description\">\n\t\t\t\t\t\t<p><p>De Lima e Paracas ao Vale Sagrado, Machu Picchu, Montanha Colorida e Lagoa Humantay, este roteiro combina descoberta cultural com paisagens deslumbrantes.<\/p><\/p>\t\n\t\t\t\t\t<\/div>\t\t\t\t\t\t\n\t\t\t\t\n\t\t\t\t\t\t\t<\/div>\n\n\t\t\t\t\t<\/div>\n\n\t\t\t\t\t\t<\/div>\n\t\t\t\t<\/div>\n\t\t\t\t<div class=\"elementor-element elementor-element-f0445fc elementor-widget elementor-widget-button\" data-id=\"f0445fc\" data-element_type=\"widget\" data-e-type=\"widget\" data-widget_type=\"button.default\">\n\t\t\t\t<div class=\"elementor-widget-container\">\n\t\t\t\t\t\t\t\t\t<div class=\"elementor-button-wrapper\">\n\t\t\t\t\t<a class=\"elementor-button elementor-button-link elementor-size-sm elementor-animation-grow\" href=\"\/pt\/culture-and-adventure\/\">\n\t\t\t\t\t\t<span class=\"elementor-button-content-wrapper\">\n\t\t\t\t\t\t<span class=\"elementor-button-icon\">\n\t\t\t\t<i aria-hidden=\"true\" class=\"fas fa-arrow-right\"><\/i>\t\t\t<\/span>\n\t\t\t\t\t\t\t\t\t<span class=\"elementor-button-text\">Ver Tour<\/span>\n\t\t\t\t\t<\/span>\n\t\t\t\t\t<\/a>\n\t\t\t\t<\/div>\n\t\t\t\t\t\t\t\t<\/div>\n\t\t\t\t<\/div>\n\t\t\t\t<\/div>\n\t\t\t\t\t<\/div>\n\t\t\t\t<\/div>\n\t\t\t\t\t<\/div>\n\t\t<\/div>\n\t\t\t\t\t<\/div>\n\t\t<\/section>\n\t\t<div class=\"elementor-element elementor-element-a283bb8 e-flex e-con-boxed wpr-particle-no wpr-jarallax-no wpr-parallax-no wpr-sticky-section-no wpr-equal-height-no elementor-invisible e-con e-parent\" data-id=\"a283bb8\" data-element_type=\"container\" data-e-type=\"container\" data-settings=\"{&quot;background_background&quot;:&quot;classic&quot;,&quot;animation&quot;:&quot;fadeIn&quot;}\">\n\t\t\t\t\t<div class=\"e-con-inner\">\n\t\t<div class=\"elementor-element elementor-element-989220b e-con-full e-flex wpr-particle-no wpr-jarallax-no wpr-parallax-no wpr-sticky-section-no wpr-equal-height-no e-con e-child\" data-id=\"989220b\" data-element_type=\"container\" data-e-type=\"container\">\n\t\t\t\t<div class=\"elementor-element elementor-element-70ec809 elementor-widget elementor-widget-heading\" data-id=\"70ec809\" data-element_type=\"widget\" data-e-type=\"widget\" data-widget_type=\"heading.default\">\n\t\t\t\t<div class=\"elementor-widget-container\">\n\t\t\t\t\t<h2 class=\"elementor-heading-title elementor-size-default\">Tours Personalizados<\/h2>\t\t\t\t<\/div>\n\t\t\t\t<\/div>\n\t\t\t\t<div class=\"elementor-element elementor-element-5f74a16 elementor-widget-divider--view-line elementor-widget elementor-widget-divider\" data-id=\"5f74a16\" data-element_type=\"widget\" data-e-type=\"widget\" data-widget_type=\"divider.default\">\n\t\t\t\t<div class=\"elementor-widget-container\">\n\t\t\t\t\t\t\t<div class=\"elementor-divider\">\n\t\t\t<span class=\"elementor-divider-separator\">\n\t\t\t\t\t\t<\/span>\n\t\t<\/div>\n\t\t\t\t\t\t<\/div>\n\t\t\t\t<\/div>\n\t\t\t\t<div class=\"elementor-element elementor-element-df9419e elementor-widget elementor-widget-text-editor\" data-id=\"df9419e\" data-element_type=\"widget\" data-e-type=\"widget\" data-widget_type=\"text-editor.default\">\n\t\t\t\t<div class=\"elementor-widget-container\">\n\t\t\t\t\t\t\t\t\t<p>Crie uma viagem sob medida de acordo com seus interesses. Seja observa\u00e7\u00e3o de aves, fotografia ou descoberta cultural, criaremos um tour especialmente para voc\u00ea.<\/p><ul><li><strong>Seu itiner\u00e1rio personalizado<\/strong><br \/><em><strong>Descri\u00e7\u00e3o:<\/strong><\/em> Compartilhe seus objetivos de viagem e personalizaremos a experi\u00eancia perfeita no Peru.<\/li><\/ul>\t\t\t\t\t\t\t\t<\/div>\n\t\t\t\t<\/div>\n\t\t\t\t<div class=\"elementor-element elementor-element-18bdd33 elementor-widget elementor-widget-button\" data-id=\"18bdd33\" data-element_type=\"widget\" data-e-type=\"widget\" data-widget_type=\"button.default\">\n\t\t\t\t<div class=\"elementor-widget-container\">\n\t\t\t\t\t\t\t\t\t<div class=\"elementor-button-wrapper\">\n\t\t\t\t\t<a class=\"elementor-button elementor-button-link elementor-size-sm elementor-animation-grow\" href=\"\/pt\/contact\/\">\n\t\t\t\t\t\t<span class=\"elementor-button-content-wrapper\">\n\t\t\t\t\t\t<span class=\"elementor-button-icon\">\n\t\t\t\t<i aria-hidden=\"true\" class=\"fas fa-arrow-right\"><\/i>\t\t\t<\/span>\n\t\t\t\t\t\t\t\t\t<span class=\"elementor-button-text\">VER MAIS<\/span>\n\t\t\t\t\t<\/span>\n\t\t\t\t\t<\/a>\n\t\t\t\t<\/div>\n\t\t\t\t\t\t\t\t<\/div>\n\t\t\t\t<\/div>\n\t\t\t\t<\/div>\n\t\t<div class=\"elementor-element elementor-element-02bac78 e-con-full elementor-hidden-mobile e-flex wpr-particle-no wpr-jarallax-no wpr-parallax-no wpr-sticky-section-no wpr-equal-height-no e-con e-child\" data-id=\"02bac78\" data-element_type=\"container\" data-e-type=\"container\">\n\t\t\t\t<div class=\"elementor-element elementor-element-311eaa5 wpr-image-accordion-row wpr-image-accordion-interaction-hover wpr-acc-border-outer elementor-widget elementor-widget-wpr-image-accordion\" data-id=\"311eaa5\" data-element_type=\"widget\" data-e-type=\"widget\" data-widget_type=\"wpr-image-accordion.default\">\n\t\t\t\t<div class=\"elementor-widget-container\">\n\t\t\t\t\t\n\t\t<div class=\"wpr-image-accordion-wrap\">\n\n\t\t\t\t\t\t\t<div class=\"wpr-image-accordion\">\n\t\t\t\n\t\t\t\n\t\t\t\t<div data-src=\"https:\/\/www.birdsightingsperu.com\/wp-content\/uploads\/2025\/08\/RLS_2-scaled-e1755996932524.jpg\"   class=\"wpr-image-accordion-item elementor-repeater-item-7d12714 wpr-effect-size-\">\n\n\t\t\t\t<div class=\"wpr-accordion-background\" style=\"background-image: url(https:\/\/www.birdsightingsperu.com\/wp-content\/uploads\/2025\/08\/RLS_2-scaled-e1755996932524.jpg);\"><\/div>\n\t\t\t\t\t\t\t\n\t\t\t\t\t\t\t<div class=\"wpr-img-accordion-media-hover wpr-animation-wrap\" data-settings=\"{&quot;activeItem&quot;:{&quot;activeWidth&quot;:4,&quot;defaultActive&quot;:5,&quot;interaction&quot;:&quot;hover&quot;,&quot;overlayLink&quot;:&quot;&quot;,&quot;overlayLinkTarget&quot;:&quot;_self&quot;}}\" data-src=\"https:\/\/www.birdsightingsperu.com\/wp-content\/uploads\/2025\/08\/RLS_2-scaled-e1755996932524.jpg\"><div class=\"wpr-img-accordion-hover-bg  wpr-overlay-fade-in wpr-anim-size-large wpr-anim-timing-ease-default wpr-anim-transparency\"><\/div><div class=\"wpr-cv-container\"><div class=\"wpr-cv-outer\"><div class=\"wpr-cv-inner\"><div class=\"wpr-img-accordion-media-hover-middle elementor-clearfix\"><\/div><\/div><\/div><\/div><\/div>\t\t\t\t<\/div>\n\n\t\t\t\n\t\t\t\t<div data-src=\"https:\/\/www.birdsightingsperu.com\/wp-content\/uploads\/2025\/08\/pexels-jipipi-1967262834-28935311-scaled.jpg\"   class=\"wpr-image-accordion-item elementor-repeater-item-15eff1f wpr-effect-size-\">\n\n\t\t\t\t<div class=\"wpr-accordion-background\" style=\"background-image: url(https:\/\/www.birdsightingsperu.com\/wp-content\/uploads\/2025\/08\/pexels-jipipi-1967262834-28935311-scaled.jpg);\"><\/div>\n\t\t\t\t\t\t\t\n\t\t\t\t\t\t\t<div class=\"wpr-img-accordion-media-hover wpr-animation-wrap\" data-settings=\"{&quot;activeItem&quot;:{&quot;activeWidth&quot;:4,&quot;defaultActive&quot;:5,&quot;interaction&quot;:&quot;hover&quot;,&quot;overlayLink&quot;:&quot;&quot;,&quot;overlayLinkTarget&quot;:&quot;_self&quot;}}\" data-src=\"https:\/\/www.birdsightingsperu.com\/wp-content\/uploads\/2025\/08\/pexels-jipipi-1967262834-28935311-scaled.jpg\"><div class=\"wpr-img-accordion-hover-bg  wpr-overlay-fade-in wpr-anim-size-large wpr-anim-timing-ease-default wpr-anim-transparency\"><\/div><div class=\"wpr-cv-container\"><div class=\"wpr-cv-outer\"><div class=\"wpr-cv-inner\"><div class=\"wpr-img-accordion-media-hover-middle elementor-clearfix\"><\/div><\/div><\/div><\/div><\/div>\t\t\t\t<\/div>\n\n\t\t\t            \n\t\t\t<\/div>\n\t\t<\/div>\n\n\t\t\t\t\t\t<\/div>\n\t\t\t\t<\/div>\n\t\t\t\t<\/div>\n\t\t\t\t\t<\/div>\n\t\t\t\t<\/div>\n\t\t\t\t<\/div>","protected":false},"excerpt":{"rendered":"<p>cultural tours Inicio \/ P\u00e1gina Cultural Tours in Peru : History, Inca Sites &amp; Andean Traditions Discover Peru\u2019s history and traditions through cultural tours that explore ancient Inca sites, colonial heritage, and vibrant Andean culture. From the bustling streets of Cusco to the iconic Machu Picchu, our itineraries blend history, landscapes, and local traditions to create an enriching travel experience. Tours Available: Discover the Magic of Cusco Half-day &amp; Full-day optionsVisit landmarks such as Qorikancha, Sacsayhuam\u00e1n, and local markets to experience Cusco\u2019s living history. View Tour Culture and Adventure From Lima and Paracas to Sacred Valley, Machu Picchu, Rainbow Mountain, and Humantay Lake, this itinerary blends cultural discovery with breathtaking landscapes. View Tour Customized Tours Design a journey tailored to your interests. Whether birdwatching, photography, or cultural discovery, we will create a tour just for you. Your Tailored ItineraryDescription: Share your travel goals, and we\u2019ll customize the perfect experience in Peru. View More<\/p>","protected":false},"author":2,"featured_media":0,"parent":2970,"menu_order":0,"comment_status":"closed","ping_status":"closed","template":"elementor_header_footer","meta":{"_price":"","_stock":"","_tribe_ticket_header":"","_tribe_default_ticket_provider":"","_tribe_ticket_capacity":"0","_ticket_start_date":"","_ticket_end_date":"","_tribe_ticket_show_description":"","_tribe_ticket_show_not_going":false,"_tribe_ticket_use_global_stock":"","_tribe_ticket_global_stock_level":"","_global_stock_mode":"","_global_stock_cap":"","_tribe_rsvp_for_event":"","_tribe_ticket_going_count":"","_tribe_ticket_not_going_count":"","_tribe_tickets_list":"[]","_tribe_ticket_has_attendee_info_fields":false,"_joinchat":[],"footnotes":"","_tec_slr_enabled":"","_tec_slr_layout":""},"class_list":["post-2978","page","type-page","status-publish","hentry"],"ticketed":false,"_links":{"self":[{"href":"https:\/\/www.birdsightingsperu.com\/pt\/wp-json\/wp\/v2\/pages\/2978","targetHints":{"allow":["GET"]}}],"collection":[{"href":"https:\/\/www.birdsightingsperu.com\/pt\/wp-json\/wp\/v2\/pages"}],"about":[{"href":"https:\/\/www.birdsightingsperu.com\/pt\/wp-json\/wp\/v2\/types\/page"}],"author":[{"embeddable":true,"href":"https:\/\/www.birdsightingsperu.com\/pt\/wp-json\/wp\/v2\/users\/2"}],"replies":[{"embeddable":true,"href":"https:\/\/www.birdsightingsperu.com\/pt\/wp-json\/wp\/v2\/comments?post=2978"}],"version-history":[{"count":0,"href":"https:\/\/www.birdsightingsperu.com\/pt\/wp-json\/wp\/v2\/pages\/2978\/revisions"}],"up":[{"embeddable":true,"href":"https:\/\/www.birdsightingsperu.com\/pt\/wp-json\/wp\/v2\/pages\/2970"}],"wp:attachment":[{"href":"https:\/\/www.birdsightingsperu.com\/pt\/wp-json\/wp\/v2\/media?parent=2978"}],"curies":[{"name":"wp","href":"https:\/\/api.w.org\/{rel}","templated":true}]}}