{"id":2958,"date":"2025-08-18T20:34:51","date_gmt":"2025-08-19T01:34:51","guid":{"rendered":"https:\/\/www.proyectoweb.forestalgil.com\/?page_id=2958"},"modified":"2025-10-06T00:09:25","modified_gmt":"2025-10-06T05:09:25","slug":"guides","status":"publish","type":"page","link":"https:\/\/www.birdsightingsperu.com\/pt\/about-us\/guides\/","title":{"rendered":"Guias"},"content":{"rendered":"<div data-elementor-type=\"wp-page\" data-elementor-id=\"2958\" class=\"elementor elementor-2958\">\n\t\t\t\t\t\t<section class=\"elementor-section elementor-top-section elementor-element elementor-element-2ba63df1 elementor-section-boxed elementor-section-height-default elementor-section-height-default row-top wpr-particle-no wpr-jarallax-no wpr-parallax-no wpr-equal-height-no\" data-id=\"2ba63df1\" data-element_type=\"section\" data-e-type=\"section\" data-settings=\"{&quot;background_background&quot;:&quot;classic&quot;}\">\n\t\t\t\t\t\t\t<div class=\"elementor-background-overlay\"><\/div>\n\t\t\t\t\t\t\t<div class=\"elementor-container elementor-column-gap-default\">\n\t\t\t\t\t<div class=\"elementor-column elementor-col-100 elementor-top-column elementor-element elementor-element-5a43139a\" data-id=\"5a43139a\" data-element_type=\"column\" data-e-type=\"column\">\n\t\t\t<div class=\"elementor-widget-wrap elementor-element-populated\">\n\t\t\t\t\t\t<div class=\"elementor-element elementor-element-4deaad46 elementor-widget elementor-widget-heading\" data-id=\"4deaad46\" data-element_type=\"widget\" data-e-type=\"widget\" data-widget_type=\"heading.default\">\n\t\t\t\t<div class=\"elementor-widget-container\">\n\t\t\t\t\t<h2 class=\"elementor-heading-title elementor-size-default\">Nossos Guias<\/h2>\t\t\t\t<\/div>\n\t\t\t\t<\/div>\n\t\t\t\t\t<\/div>\n\t\t<\/div>\n\t\t\t\t\t<\/div>\n\t\t<\/section>\n\t\t\t\t<section class=\"elementor-section elementor-top-section elementor-element elementor-element-a69fec7 elementor-section-boxed elementor-section-height-default elementor-section-height-default row-top wpr-particle-no wpr-jarallax-no wpr-parallax-no wpr-sticky-section-no wpr-equal-height-no\" data-id=\"a69fec7\" data-element_type=\"section\" data-e-type=\"section\" data-settings=\"{&quot;background_background&quot;:&quot;classic&quot;}\">\n\t\t\t\t\t\t<div class=\"elementor-container elementor-column-gap-wide\">\n\t\t\t\t\t<div class=\"elementor-column elementor-col-100 elementor-top-column elementor-element elementor-element-17db6cb\" data-id=\"17db6cb\" data-element_type=\"column\" data-e-type=\"column\">\n\t\t\t<div class=\"elementor-widget-wrap elementor-element-populated\">\n\t\t\t\t\t\t<div class=\"elementor-element elementor-element-e51992a elementor-widget elementor-widget-heading\" data-id=\"e51992a\" data-element_type=\"widget\" data-e-type=\"widget\" data-widget_type=\"heading.default\">\n\t\t\t\t<div class=\"elementor-widget-container\">\n\t\t\t\t\t<h2 class=\"elementor-heading-title elementor-size-default\">Jos\u00e9 Antonio Padilla Reyes<\/h2>\t\t\t\t<\/div>\n\t\t\t\t<\/div>\n\t\t\t\t<div class=\"elementor-element elementor-element-219f5fa elementor-widget elementor-widget-heading\" data-id=\"219f5fa\" data-element_type=\"widget\" data-e-type=\"widget\" data-widget_type=\"heading.default\">\n\t\t\t\t<div class=\"elementor-widget-container\">\n\t\t\t\t\t<h3 class=\"elementor-heading-title elementor-size-default\">Naturalista \u00b7 Observa\u00e7\u00e3o de aves \u00b7 Fotografia \u00b7 Guia \u00b7 Am\u00e9rica do Sul\u2122<\/h3>\t\t\t\t<\/div>\n\t\t\t\t<\/div>\n\t\t\t\t<div class=\"elementor-element elementor-element-2e5a47d elementor-widget elementor-widget-text-editor\" data-id=\"2e5a47d\" data-element_type=\"widget\" data-e-type=\"widget\" data-widget_type=\"text-editor.default\">\n\t\t\t\t<div class=\"elementor-widget-container\">\n\t\t\t\t\t\t\t\t\t<p>Jos\u00e9 Antonio Padilla Reyes \u00e9 um naturalista experiente e guia especialista em observa\u00e7\u00e3o de aves, com mais de duas d\u00e9cadas de atua\u00e7\u00e3o na Am\u00e9rica do Sul. Nascido em Lima, Peru, iniciou sua carreira no ecoturismo aos 21 anos na Reserva Nacional de Tambopata, no cora\u00e7\u00e3o da Amaz\u00f4nia peruana. Desde ent\u00e3o, liderou expedi\u00e7\u00f5es de birdwatching e fotografia da vida selvagem no Peru, Bol\u00edvia, Brasil, Col\u00f4mbia e Equador.\nFluente em espanhol, ingl\u00eas e portugu\u00eas, Jos\u00e9 Antonio combina profundo conhecimento regional com uma grande paix\u00e3o pela biodiversidade avi\u00e1ria. Sua trajet\u00f3ria inclui trabalhos como guia em destinos de renome mundial, como o Parque Nacional do Manu, os alagados do Pantanal e o Cristalino Lodge, no Brasil. Ele j\u00e1 colaborou com empresas internacionais como Naturetrek Wildlife Holidays (Reino Unido), Partnership International Birding e BirdSightings Peru.\nAtualmente reside em Cusco, Peru, com sua fam\u00edlia, e continua conduzindo expedi\u00e7\u00f5es imersivas de observa\u00e7\u00e3o de aves e fotografia, com forte foco em conserva\u00e7\u00e3o, por toda a regi\u00e3o neotropical.<\/p><p><strong>e-mail: <\/strong><a href=\"mailto:jose_antonioperu@hotmail.com\">jose_antonioperu@hotmail.com<\/a><\/p>\t\t\t\t\t\t\t\t<\/div>\n\t\t\t\t<\/div>\n\t\t\t\t<div class=\"elementor-element elementor-element-c3a4819 elementor-icon-list--layout-traditional elementor-list-item-link-full_width elementor-widget elementor-widget-icon-list\" data-id=\"c3a4819\" data-element_type=\"widget\" data-e-type=\"widget\" data-widget_type=\"icon-list.default\">\n\t\t\t\t<div class=\"elementor-widget-container\">\n\t\t\t\t\t\t\t<ul class=\"elementor-icon-list-items\">\n\t\t\t\t\t\t\t<li class=\"elementor-icon-list-item\">\n\t\t\t\t\t\t\t\t\t\t\t<span class=\"elementor-icon-list-icon\">\n\t\t\t\t\t\t\t<i aria-hidden=\"true\" class=\"fas fa-circle\"><\/i>\t\t\t\t\t\t<\/span>\n\t\t\t\t\t\t\t\t\t\t<span class=\"elementor-icon-list-text\">Idiomas: espanhol, ingl\u00eas, portugu\u00eas<\/span>\n\t\t\t\t\t\t\t\t\t<\/li>\n\t\t\t\t\t\t\t\t<li class=\"elementor-icon-list-item\">\n\t\t\t\t\t\t\t\t\t\t\t<span class=\"elementor-icon-list-icon\">\n\t\t\t\t\t\t\t<i aria-hidden=\"true\" class=\"fas fa-circle\"><\/i>\t\t\t\t\t\t<\/span>\n\t\t\t\t\t\t\t\t\t\t<span class=\"elementor-icon-list-text\">Especialidades: Aves amaz\u00f4nicas e andinas, ecologia de florestas tropicais, interpreta\u00e7\u00e3o da vida selvagem, guiamento multil\u00edngue<\/span>\n\t\t\t\t\t\t\t\t\t<\/li>\n\t\t\t\t\t\t<\/ul>\n\t\t\t\t\t\t<\/div>\n\t\t\t\t<\/div>\n\t\t<div class=\"elementor-element elementor-element-a54eb69 e-flex e-con-boxed wpr-particle-no wpr-jarallax-no wpr-parallax-no wpr-sticky-section-no wpr-equal-height-no e-con e-parent\" data-id=\"a54eb69\" data-element_type=\"container\" data-e-type=\"container\">\n\t\t\t\t\t<div class=\"e-con-inner\">\n\t\t\t\t<div class=\"elementor-element elementor-element-93ea5fe elementor-widget elementor-widget-image\" data-id=\"93ea5fe\" data-element_type=\"widget\" data-e-type=\"widget\" data-widget_type=\"image.default\">\n\t\t\t\t<div class=\"elementor-widget-container\">\n\t\t\t\t\t\t\t\t\t\t\t\t\t\t\t<img fetchpriority=\"high\" decoding=\"async\" width=\"408\" height=\"585\" src=\"https:\/\/www.birdsightingsperu.com\/wp-content\/uploads\/2025\/08\/WhatsApp-Image-2025-02-06-at-10.56.34-AM-1.jpeg\" class=\"attachment-large size-large wp-image-3096\" alt=\"\" \/>\t\t\t\t\t\t\t\t\t\t\t\t\t\t\t<\/div>\n\t\t\t\t<\/div>\n\t\t\t\t\t<\/div>\n\t\t\t\t<\/div>\n\t\t\t\t\t<\/div>\n\t\t<\/div>\n\t\t\t\t\t<\/div>\n\t\t<\/section>\n\t\t\t\t<\/div>","protected":false},"excerpt":{"rendered":"<p>Our Guides Jos\u00e9 Antonio Padilla Reyes Naturalist \u00b7 Birding \u00b7 Photography \u00b7 Guide \u00b7 South America\u2122 Jose Antonio Padilla Reyes is a seasoned naturalist and expert birding guide with over two decades of experience across South America. Born in Lima, Peru, he began his career in ecotourism at the age of 21 in the Tambopata National Reserve, in the heart of the Peruvian Amazon. Since then, he has led birding and wildlife photography tours throughout Peru, Bolivia, Brazil, Colombia, and Ecuador. Fluent in Spanish, English, and Portuguese, Jose Antonio combines deep regional knowledge with a passion for avian biodiversity. His career includes guiding in world-renowned birding hotspots such as Manu National Park, the Pantanal wetlands, and Cristalino Lodge in Brazil. He has worked with international companies such as Naturetrek Wildlife Holidays (UK), Partnership International Birding, and Birdsightings-Peru. Today, he lives in Cusco, Peru, with his family and continues to lead immersive, conservation-oriented birding and photography expeditions across the Neotropics. e-mail: jose_antonioperu@hotmail.com Languages: Spanish, English, Portuguese Specialties: Amazonian and Andean birds, rainforest ecology, wildlife interpretation, multilingual guiding<\/p>","protected":false},"author":2,"featured_media":0,"parent":2688,"menu_order":0,"comment_status":"closed","ping_status":"closed","template":"elementor_header_footer","meta":{"_price":"","_stock":"","_tribe_ticket_header":"","_tribe_default_ticket_provider":"","_tribe_ticket_capacity":"0","_ticket_start_date":"","_ticket_end_date":"","_tribe_ticket_show_description":"","_tribe_ticket_show_not_going":false,"_tribe_ticket_use_global_stock":"","_tribe_ticket_global_stock_level":"","_global_stock_mode":"","_global_stock_cap":"","_tribe_rsvp_for_event":"","_tribe_ticket_going_count":"","_tribe_ticket_not_going_count":"","_tribe_tickets_list":"[]","_tribe_ticket_has_attendee_info_fields":false,"_joinchat":[],"footnotes":"","_tec_slr_enabled":"","_tec_slr_layout":""},"class_list":["post-2958","page","type-page","status-publish","hentry"],"ticketed":false,"_links":{"self":[{"href":"https:\/\/www.birdsightingsperu.com\/pt\/wp-json\/wp\/v2\/pages\/2958","targetHints":{"allow":["GET"]}}],"collection":[{"href":"https:\/\/www.birdsightingsperu.com\/pt\/wp-json\/wp\/v2\/pages"}],"about":[{"href":"https:\/\/www.birdsightingsperu.com\/pt\/wp-json\/wp\/v2\/types\/page"}],"author":[{"embeddable":true,"href":"https:\/\/www.birdsightingsperu.com\/pt\/wp-json\/wp\/v2\/users\/2"}],"replies":[{"embeddable":true,"href":"https:\/\/www.birdsightingsperu.com\/pt\/wp-json\/wp\/v2\/comments?post=2958"}],"version-history":[{"count":0,"href":"https:\/\/www.birdsightingsperu.com\/pt\/wp-json\/wp\/v2\/pages\/2958\/revisions"}],"up":[{"embeddable":true,"href":"https:\/\/www.birdsightingsperu.com\/pt\/wp-json\/wp\/v2\/pages\/2688"}],"wp:attachment":[{"href":"https:\/\/www.birdsightingsperu.com\/pt\/wp-json\/wp\/v2\/media?parent=2958"}],"curies":[{"name":"wp","href":"https:\/\/api.w.org\/{rel}","templated":true}]}}