{"id":2781,"date":"2025-08-16T22:39:52","date_gmt":"2025-08-17T03:39:52","guid":{"rendered":"https:\/\/www.proyectoweb.forestalgil.com\/?page_id=2781"},"modified":"2025-09-14T02:49:34","modified_gmt":"2025-09-14T07:49:34","slug":"bolivia","status":"publish","type":"page","link":"https:\/\/www.birdsightingsperu.com\/pt\/destinations\/bolivia\/","title":{"rendered":"Bolivia"},"content":{"rendered":"<div data-elementor-type=\"wp-page\" data-elementor-id=\"2781\" class=\"elementor elementor-2781\">\n\t\t\t\t\t\t<section class=\"elementor-section elementor-top-section elementor-element elementor-element-14ced0bd elementor-section-boxed elementor-section-height-default elementor-section-height-default row-top wpr-particle-no wpr-jarallax-no wpr-parallax-no wpr-equal-height-no\" data-id=\"14ced0bd\" data-element_type=\"section\" data-e-type=\"section\" data-settings=\"{&quot;background_background&quot;:&quot;classic&quot;}\">\n\t\t\t\t\t\t\t<div class=\"elementor-background-overlay\"><\/div>\n\t\t\t\t\t\t\t<div class=\"elementor-container elementor-column-gap-default\">\n\t\t\t\t\t<div class=\"elementor-column elementor-col-100 elementor-top-column elementor-element elementor-element-4bb3d015\" data-id=\"4bb3d015\" data-element_type=\"column\" data-e-type=\"column\">\n\t\t\t<div class=\"elementor-widget-wrap elementor-element-populated\">\n\t\t\t\t\t\t<div class=\"elementor-element elementor-element-43bea2ae elementor-widget elementor-widget-heading\" data-id=\"43bea2ae\" data-element_type=\"widget\" data-e-type=\"widget\" data-widget_type=\"heading.default\">\n\t\t\t\t<div class=\"elementor-widget-container\">\n\t\t\t\t\t<h2 class=\"elementor-heading-title elementor-size-default\">Bolivia<\/h2>\t\t\t\t<\/div>\n\t\t\t\t<\/div>\n\t\t\t\t\t<\/div>\n\t\t<\/div>\n\t\t\t\t\t<\/div>\n\t\t<\/section>\n\t\t\t\t<section class=\"elementor-section elementor-top-section elementor-element elementor-element-e325968 elementor-section-boxed elementor-section-height-default elementor-section-height-default row-top wpr-particle-no wpr-jarallax-no wpr-parallax-no wpr-sticky-section-no wpr-equal-height-no\" data-id=\"e325968\" data-element_type=\"section\" data-e-type=\"section\" data-settings=\"{&quot;background_background&quot;:&quot;classic&quot;}\">\n\t\t\t\t\t\t<div class=\"elementor-container elementor-column-gap-default\">\n\t\t\t\t\t<div class=\"elementor-column elementor-col-50 elementor-top-column elementor-element elementor-element-27a240a3\" data-id=\"27a240a3\" data-element_type=\"column\" data-e-type=\"column\">\n\t\t\t<div class=\"elementor-widget-wrap elementor-element-populated\">\n\t\t\t\t\t\t<div class=\"elementor-element elementor-element-41fb2f52 elementor-widget elementor-widget-heading\" data-id=\"41fb2f52\" data-element_type=\"widget\" data-e-type=\"widget\" data-widget_type=\"heading.default\">\n\t\t\t\t<div class=\"elementor-widget-container\">\n\t\t\t\t\t<h2 class=\"elementor-heading-title elementor-size-default\">Bol\u00edvia: O tesouro escondido dos Andes\n<\/h2>\t\t\t\t<\/div>\n\t\t\t\t<\/div>\n\t\t\t\t<div class=\"elementor-element elementor-element-3a89105c elementor-widget-divider--view-line elementor-widget elementor-widget-divider\" data-id=\"3a89105c\" data-element_type=\"widget\" data-e-type=\"widget\" data-widget_type=\"divider.default\">\n\t\t\t\t<div class=\"elementor-widget-container\">\n\t\t\t\t\t\t\t<div class=\"elementor-divider\">\n\t\t\t<span class=\"elementor-divider-separator\">\n\t\t\t\t\t\t<\/span>\n\t\t<\/div>\n\t\t\t\t\t\t<\/div>\n\t\t\t\t<\/div>\n\t\t\t\t<div class=\"elementor-element elementor-element-3f2ec271 elementor-widget elementor-widget-text-editor\" data-id=\"3f2ec271\" data-element_type=\"widget\" data-e-type=\"widget\" data-widget_type=\"text-editor.default\">\n\t\t\t\t<div class=\"elementor-widget-container\">\n\t\t\t\t\t\t\t\t\t<p>A Bol\u00edvia \u00e9 um dos destinos de observa\u00e7\u00e3o de aves mais recompensadores e, ao mesmo tempo, menos explorados da Am\u00e9rica do Sul. Apesar de n\u00e3o ter sa\u00edda para o mar, oferece contrastes impressionantes: desde os picos nevados dos Andes e o vasto altiplano varrido pelos ventos, at\u00e9 vales f\u00e9rteis, as exuberantes florestas nubladas dos Yungas e as remotas terras baixas de Santa Cruz.<\/p><p>Com mais de 1.300 esp\u00e9cies de aves registradas, a Bol\u00edvia abriga mais de 40% da avifauna do continente. Entre seus tesouros est\u00e3o o majestoso Condor-dos-Andes, o deslumbrante Beija-flor-de-capuz-negro (end\u00eamico), o raro e recentemente descrito Tapaculo Diademado, e um dos papagaios mais bonitos do mundo, a Arara-de-frente-vermelha, que sobrevive apenas nos dram\u00e1ticos penhascos do vale do Rio Mizque.<\/p><p>Nossas viagens de observa\u00e7\u00e3o de aves revelam uma extraordin\u00e1ria diversidade de habitats:<\/p><ul><li>Terras baixas de Santa Cruz e do Chaco \u2013 com emas, seriemas e especialidades regionais.<\/li><li>Florestas nubladas da Serran\u00eda de Siberia \u2013 lar do esquivo Antpitta-de-face-ruiva.<\/li><li>Vales interandinos \u00e1ridos \u2013 ref\u00fagio das \u00faltimas popula\u00e7\u00f5es selvagens da Arara-de-frente-vermelha.<\/li><li>Altiplano e Lago Titicaca \u2013 com endemismos altoandinos \u00fanicos como o Mergulh\u00e3o-do-Titicaca.<\/li><li>Os Yungas pr\u00f3ximos a La Paz \u2013 uma rica transi\u00e7\u00e3o entre aves andinas e subtropicais.<\/li><\/ul>\t\t\t\t\t\t\t\t<\/div>\n\t\t\t\t<\/div>\n\t\t\t\t<div class=\"elementor-element elementor-element-4cb4917 elementor-widget elementor-widget-button\" data-id=\"4cb4917\" data-element_type=\"widget\" data-e-type=\"widget\" data-widget_type=\"button.default\">\n\t\t\t\t<div class=\"elementor-widget-container\">\n\t\t\t\t\t\t\t\t\t<div class=\"elementor-button-wrapper\">\n\t\t\t\t\t<a class=\"elementor-button elementor-button-link elementor-size-sm elementor-animation-grow\" href=\"\/pt\/tours\/bolivia-tours\/\">\n\t\t\t\t\t\t<span class=\"elementor-button-content-wrapper\">\n\t\t\t\t\t\t\t\t\t<span class=\"elementor-button-text\">\u2728 PRONTO PARA SUA AVENTURA? EXPLORE NOSSOS TOURS <\/span>\n\t\t\t\t\t<\/span>\n\t\t\t\t\t<\/a>\n\t\t\t\t<\/div>\n\t\t\t\t\t\t\t\t<\/div>\n\t\t\t\t<\/div>\n\t\t\t\t\t<\/div>\n\t\t<\/div>\n\t\t\t\t<div class=\"elementor-column elementor-col-50 elementor-top-column elementor-element elementor-element-10abfd69\" data-id=\"10abfd69\" data-element_type=\"column\" data-e-type=\"column\">\n\t\t\t<div class=\"elementor-widget-wrap elementor-element-populated\">\n\t\t\t\t<div class=\"elementor-element elementor-element-3df9732 e-flex e-con-boxed wpr-particle-no wpr-jarallax-no wpr-parallax-no wpr-sticky-section-no wpr-equal-height-no e-con e-parent\" data-id=\"3df9732\" data-element_type=\"container\" data-e-type=\"container\">\n\t\t\t\t\t<div class=\"e-con-inner\">\n\t\t\t\t<div class=\"elementor-element elementor-element-d5a88a1 elementor-widget elementor-widget-image\" data-id=\"d5a88a1\" data-element_type=\"widget\" data-e-type=\"widget\" data-widget_type=\"image.default\">\n\t\t\t\t<div class=\"elementor-widget-container\">\n\t\t\t\t\t\t\t\t\t\t\t\t\t\t\t<img fetchpriority=\"high\" decoding=\"async\" width=\"900\" height=\"651\" src=\"https:\/\/www.birdsightingsperu.com\/wp-content\/uploads\/2025\/08\/bolivia1-1024x741.jpg\" class=\"attachment-large size-large wp-image-3619\" alt=\"\" srcset=\"https:\/\/www.birdsightingsperu.com\/wp-content\/uploads\/2025\/08\/bolivia1-1024x741.jpg 1024w, https:\/\/www.birdsightingsperu.com\/wp-content\/uploads\/2025\/08\/bolivia1-768x556.jpg 768w, https:\/\/www.birdsightingsperu.com\/wp-content\/uploads\/2025\/08\/bolivia1.jpg 1280w\" sizes=\"(max-width: 900px) 100vw, 900px\" \/>\t\t\t\t\t\t\t\t\t\t\t\t\t\t\t<\/div>\n\t\t\t\t<\/div>\n\t\t\t\t\t<\/div>\n\t\t\t\t<\/div>\n\t\t<div class=\"elementor-element elementor-element-c693faf e-flex e-con-boxed wpr-particle-no wpr-jarallax-no wpr-parallax-no wpr-sticky-section-no wpr-equal-height-no e-con e-parent\" data-id=\"c693faf\" data-element_type=\"container\" data-e-type=\"container\">\n\t\t\t\t\t<div class=\"e-con-inner\">\n\t\t\t\t<div class=\"elementor-element elementor-element-bfc78fc elementor-widget elementor-widget-image\" data-id=\"bfc78fc\" data-element_type=\"widget\" data-e-type=\"widget\" data-widget_type=\"image.default\">\n\t\t\t\t<div class=\"elementor-widget-container\">\n\t\t\t\t\t\t\t\t\t\t\t\t\t\t\t<img decoding=\"async\" width=\"900\" height=\"530\" src=\"https:\/\/www.birdsightingsperu.com\/wp-content\/uploads\/2025\/08\/bolivia2-1024x603.jpg\" class=\"attachment-large size-large wp-image-4168\" alt=\"\" \/>\t\t\t\t\t\t\t\t\t\t\t\t\t\t\t<\/div>\n\t\t\t\t<\/div>\n\t\t\t\t<div class=\"elementor-element elementor-element-fa21919 elementor-widget elementor-widget-text-editor\" data-id=\"fa21919\" data-element_type=\"widget\" data-e-type=\"widget\" data-widget_type=\"text-editor.default\">\n\t\t\t\t<div class=\"elementor-widget-container\">\n\t\t\t\t\t\t\t\t\t<p>Ainda pouco explorada pela maioria dos observadores de aves, a Bol\u00edvia oferece uma combina\u00e7\u00e3o rara: uma espetacular diversidade de aves, novas descobertas esperando para acontecer, paisagens impressionantes e aut\u00eanticos encontros culturais. Cada dia traz novas surpresas neste verdadeiro tesouro escondido dos Andes.<\/p>\t\t\t\t\t\t\t\t<\/div>\n\t\t\t\t<\/div>\n\t\t\t\t\t<\/div>\n\t\t\t\t<\/div>\n\t\t\t\t\t<\/div>\n\t\t<\/div>\n\t\t\t\t\t<\/div>\n\t\t<\/section>\n\t\t\t\t<\/div>","protected":false},"excerpt":{"rendered":"<p>Bolivia Bolivia: The Hidden Treasure of the Andes Bolivia is one of South America\u2019s most rewarding yet least-explored birding destinations. Though landlocked, it offers astonishing contrasts: from the snow-capped peaks of the Andes and the vast windswept altiplano, to fertile valleys, lush Yungas cloudforests, and the remote lowlands of Santa Cruz. With over 1,300 bird species recorded, Bolivia holds more than 40% of the continent\u2019s avifauna. Among its treasures are the majestic Andean Condor, the dazzling endemic Black-hooded Sunbeam, the rare and recently described Diademed Tapaculo, and one of the world\u2019s most beautiful parrots, the Red-fronted Macaw, which survives only in the dramatic cliffs of the R\u00edo Mizque valley. Our birding journeys reveal an extraordinary diversity of habitats: Santa Cruz &amp; Chaco lowlands \u2013 with rheas, seriemas, and regional specialties. Serran\u00eda de Siberia cloudforests \u2013 home to the elusive Rufous-faced Antpitta. Arid inter-Andean valleys \u2013 stronghold of the last wild Red-fronted Macaws. Altiplano &amp; Lake Titicaca \u2013 with unique high-Andean endemics like the Titicaca Grebe. The Yungas near La Paz \u2013 a rich transition of Andean and subtropical birdlife. \u2728 Ready for your adventure? Explore our tours \u2192 Still overlooked by most birders, Bolivia offers a rare combination: spectacular bird diversity, new discoveries waiting to be made, breathtaking landscapes, and authentic cultural encounters. Each day brings fresh surprises in this truly hidden treasure\u00a0of\u00a0the\u00a0Andes.<\/p>","protected":false},"author":2,"featured_media":0,"parent":2962,"menu_order":0,"comment_status":"closed","ping_status":"closed","template":"elementor_header_footer","meta":{"_price":"","_stock":"","_tribe_ticket_header":"","_tribe_default_ticket_provider":"","_tribe_ticket_capacity":"0","_ticket_start_date":"","_ticket_end_date":"","_tribe_ticket_show_description":"","_tribe_ticket_show_not_going":false,"_tribe_ticket_use_global_stock":"","_tribe_ticket_global_stock_level":"","_global_stock_mode":"","_global_stock_cap":"","_tribe_rsvp_for_event":"","_tribe_ticket_going_count":"","_tribe_ticket_not_going_count":"","_tribe_tickets_list":"[]","_tribe_ticket_has_attendee_info_fields":false,"_joinchat":[],"footnotes":"","_tec_slr_enabled":"","_tec_slr_layout":""},"class_list":["post-2781","page","type-page","status-publish","hentry"],"ticketed":false,"_links":{"self":[{"href":"https:\/\/www.birdsightingsperu.com\/pt\/wp-json\/wp\/v2\/pages\/2781","targetHints":{"allow":["GET"]}}],"collection":[{"href":"https:\/\/www.birdsightingsperu.com\/pt\/wp-json\/wp\/v2\/pages"}],"about":[{"href":"https:\/\/www.birdsightingsperu.com\/pt\/wp-json\/wp\/v2\/types\/page"}],"author":[{"embeddable":true,"href":"https:\/\/www.birdsightingsperu.com\/pt\/wp-json\/wp\/v2\/users\/2"}],"replies":[{"embeddable":true,"href":"https:\/\/www.birdsightingsperu.com\/pt\/wp-json\/wp\/v2\/comments?post=2781"}],"version-history":[{"count":0,"href":"https:\/\/www.birdsightingsperu.com\/pt\/wp-json\/wp\/v2\/pages\/2781\/revisions"}],"up":[{"embeddable":true,"href":"https:\/\/www.birdsightingsperu.com\/pt\/wp-json\/wp\/v2\/pages\/2962"}],"wp:attachment":[{"href":"https:\/\/www.birdsightingsperu.com\/pt\/wp-json\/wp\/v2\/media?parent=2781"}],"curies":[{"name":"wp","href":"https:\/\/api.w.org\/{rel}","templated":true}]}}