{"id":2779,"date":"2025-08-16T22:39:25","date_gmt":"2025-08-17T03:39:25","guid":{"rendered":"https:\/\/www.proyectoweb.forestalgil.com\/?page_id=2779"},"modified":"2025-09-14T02:49:04","modified_gmt":"2025-09-14T07:49:04","slug":"brazil","status":"publish","type":"page","link":"https:\/\/www.birdsightingsperu.com\/pt\/destinations\/brazil\/","title":{"rendered":"Brazil"},"content":{"rendered":"<div data-elementor-type=\"wp-page\" data-elementor-id=\"2779\" class=\"elementor elementor-2779\">\n\t\t\t\t\t\t<section class=\"elementor-section elementor-top-section elementor-element elementor-element-6d486549 elementor-section-boxed elementor-section-height-default elementor-section-height-default row-top wpr-particle-no wpr-jarallax-no wpr-parallax-no wpr-equal-height-no\" data-id=\"6d486549\" data-element_type=\"section\" data-e-type=\"section\" data-settings=\"{&quot;background_background&quot;:&quot;classic&quot;}\">\n\t\t\t\t\t\t\t<div class=\"elementor-background-overlay\"><\/div>\n\t\t\t\t\t\t\t<div class=\"elementor-container elementor-column-gap-default\">\n\t\t\t\t\t<div class=\"elementor-column elementor-col-100 elementor-top-column elementor-element elementor-element-319f9234\" data-id=\"319f9234\" data-element_type=\"column\" data-e-type=\"column\">\n\t\t\t<div class=\"elementor-widget-wrap elementor-element-populated\">\n\t\t\t\t\t\t<div class=\"elementor-element elementor-element-44938ea2 elementor-widget elementor-widget-heading\" data-id=\"44938ea2\" data-element_type=\"widget\" data-e-type=\"widget\" data-widget_type=\"heading.default\">\n\t\t\t\t<div class=\"elementor-widget-container\">\n\t\t\t\t\t<h2 class=\"elementor-heading-title elementor-size-default\">Brazil<\/h2>\t\t\t\t<\/div>\n\t\t\t\t<\/div>\n\t\t\t\t\t<\/div>\n\t\t<\/div>\n\t\t\t\t\t<\/div>\n\t\t<\/section>\n\t\t\t\t<section class=\"elementor-section elementor-top-section elementor-element elementor-element-4c060e20 elementor-section-boxed elementor-section-height-default elementor-section-height-default row-top wpr-particle-no wpr-jarallax-no wpr-parallax-no wpr-sticky-section-no wpr-equal-height-no\" data-id=\"4c060e20\" data-element_type=\"section\" data-e-type=\"section\" data-settings=\"{&quot;background_background&quot;:&quot;classic&quot;}\">\n\t\t\t\t\t\t<div class=\"elementor-container elementor-column-gap-default\">\n\t\t\t\t\t<div class=\"elementor-column elementor-col-50 elementor-top-column elementor-element elementor-element-6bf7c3d8\" data-id=\"6bf7c3d8\" data-element_type=\"column\" data-e-type=\"column\">\n\t\t\t<div class=\"elementor-widget-wrap elementor-element-populated\">\n\t\t\t\t\t\t<div class=\"elementor-element elementor-element-10c65b32 elementor-widget elementor-widget-heading\" data-id=\"10c65b32\" data-element_type=\"widget\" data-e-type=\"widget\" data-widget_type=\"heading.default\">\n\t\t\t\t<div class=\"elementor-widget-container\">\n\t\t\t\t\t<h2 class=\"elementor-heading-title elementor-size-default\">Brasil: Amazon &amp; Pantanal Wonders<\/h2>\t\t\t\t<\/div>\n\t\t\t\t<\/div>\n\t\t\t\t<div class=\"elementor-element elementor-element-60131ba0 elementor-widget-divider--view-line elementor-widget elementor-widget-divider\" data-id=\"60131ba0\" data-element_type=\"widget\" data-e-type=\"widget\" data-widget_type=\"divider.default\">\n\t\t\t\t<div class=\"elementor-widget-container\">\n\t\t\t\t\t\t\t<div class=\"elementor-divider\">\n\t\t\t<span class=\"elementor-divider-separator\">\n\t\t\t\t\t\t<\/span>\n\t\t<\/div>\n\t\t\t\t\t\t<\/div>\n\t\t\t\t<\/div>\n\t\t\t\t<div class=\"elementor-element elementor-element-413d0f54 elementor-widget elementor-widget-text-editor\" data-id=\"413d0f54\" data-element_type=\"widget\" data-e-type=\"widget\" data-widget_type=\"text-editor.default\">\n\t\t\t\t<div class=\"elementor-widget-container\">\n\t\t\t\t\t\t\t\t\t<p>Do vasto Amazonas \u00e0s intermin\u00e1veis \u00e1reas alagadas do Pantanal, o Brasil \u00e9 uma terra de paisagens deslumbrantes e vida selvagem extraordin\u00e1ria. Observe on\u00e7as-pintadas ao longo de rios remotos, admire a impressionante arara-azul em pleno voo e mergulhe na vibrante cultura que torna este pa\u00eds t\u00e3o \u00fanico.<\/p><p>Al\u00e9m desses ecossistemas mundialmente famosos, o Brasil tamb\u00e9m abriga a encantadora Mata Atl\u00e2ntica, uma das florestas tropicais mais amea\u00e7adas da Terra e um hotspot global de biodiversidade. Aqui, montanhas cobertas por florestas e \u00e1reas costeiras exuberantes abrigam in\u00fameras esp\u00e9cies que n\u00e3o existem em nenhum outro lugar \u2014 tangar\u00e1s coloridos, beija-flores deslumbrantes, formigueiros end\u00eamicos e o ic\u00f4nico mico-le\u00e3o-dourado.<\/p><p>Seja explorando as florestas alagadas do Amazonas, as savanas abertas do Cerrado, as \u00e1reas \u00famidas do Pantanal ou as montanhas cobertas de n\u00e9voa da Mata Atl\u00e2ntica, o Brasil oferece uma jornada inesquec\u00edvel por alguns dos habitats de vida selvagem mais ricos do planeta.<\/p>\t\t\t\t\t\t\t\t<\/div>\n\t\t\t\t<\/div>\n\t\t\t\t<div class=\"elementor-element elementor-element-12464df9 elementor-widget elementor-widget-button\" data-id=\"12464df9\" data-element_type=\"widget\" data-e-type=\"widget\" data-widget_type=\"button.default\">\n\t\t\t\t<div class=\"elementor-widget-container\">\n\t\t\t\t\t\t\t\t\t<div class=\"elementor-button-wrapper\">\n\t\t\t\t\t<a class=\"elementor-button elementor-button-link elementor-size-sm elementor-animation-grow\" href=\"\/pt\/tours\/brazil-tours\/\">\n\t\t\t\t\t\t<span class=\"elementor-button-content-wrapper\">\n\t\t\t\t\t\t\t\t\t<span class=\"elementor-button-text\">\u2728 PRONTO PARA SUA AVENTURA? EXPLORE NOSSOS TOURS <\/span>\n\t\t\t\t\t<\/span>\n\t\t\t\t\t<\/a>\n\t\t\t\t<\/div>\n\t\t\t\t\t\t\t\t<\/div>\n\t\t\t\t<\/div>\n\t\t\t\t\t<\/div>\n\t\t<\/div>\n\t\t\t\t<div class=\"elementor-column elementor-col-50 elementor-top-column elementor-element elementor-element-64f07ce0\" data-id=\"64f07ce0\" data-element_type=\"column\" data-e-type=\"column\">\n\t\t\t<div class=\"elementor-widget-wrap elementor-element-populated\">\n\t\t\t\t\t\t<div class=\"elementor-element elementor-element-529b7e6e elementor-widget elementor-widget-image\" data-id=\"529b7e6e\" data-element_type=\"widget\" data-e-type=\"widget\" data-widget_type=\"image.default\">\n\t\t\t\t<div class=\"elementor-widget-container\">\n\t\t\t\t\t\t\t\t\t\t\t\t\t\t\t<img fetchpriority=\"high\" decoding=\"async\" width=\"900\" height=\"604\" src=\"https:\/\/www.birdsightingsperu.com\/wp-content\/uploads\/2025\/08\/brazil1-1024x687.jpg\" class=\"attachment-large size-large wp-image-3623\" alt=\"\" srcset=\"https:\/\/www.birdsightingsperu.com\/wp-content\/uploads\/2025\/08\/brazil1-1024x687.jpg 1024w, https:\/\/www.birdsightingsperu.com\/wp-content\/uploads\/2025\/08\/brazil1-768x515.jpg 768w, https:\/\/www.birdsightingsperu.com\/wp-content\/uploads\/2025\/08\/brazil1.jpg 1035w\" sizes=\"(max-width: 900px) 100vw, 900px\" \/>\t\t\t\t\t\t\t\t\t\t\t\t\t\t\t<\/div>\n\t\t\t\t<\/div>\n\t\t\t\t<div class=\"elementor-element elementor-element-5ea0712 elementor-widget elementor-widget-image\" data-id=\"5ea0712\" data-element_type=\"widget\" data-e-type=\"widget\" data-widget_type=\"image.default\">\n\t\t\t\t<div class=\"elementor-widget-container\">\n\t\t\t\t\t\t\t\t\t\t\t\t\t\t\t<img decoding=\"async\" width=\"600\" height=\"450\" src=\"https:\/\/www.birdsightingsperu.com\/wp-content\/uploads\/2025\/08\/brazil2.jpg\" class=\"attachment-large size-large wp-image-3624\" alt=\"\" \/>\t\t\t\t\t\t\t\t\t\t\t\t\t\t\t<\/div>\n\t\t\t\t<\/div>\n\t\t\t\t\t<\/div>\n\t\t<\/div>\n\t\t\t\t\t<\/div>\n\t\t<\/section>\n\t\t\t\t<\/div>","protected":false},"excerpt":{"rendered":"<p>Brazil Brasil: Amazon &amp; Pantanal Wonders From the vast Amazon rainforest to the endless wetlands of the Pantanal, Brazil is a land of breathtaking landscapes and extraordinary wildlife. Spot jaguars along remote rivers, marvel at the brilliant Hyacinth Macaw in flight, and immerse yourself in the vibrant culture that makes this country so unique. Beyond these world-famous ecosystems, Brazil is also home to the enchanting Mata Atl\u00e2ntica (Atlantic Forest), one of the most threatened tropical forests on Earth and a global hotspot of biodiversity. Here, lush mountains and coastal forests harbor countless species found nowhere else\u2014colorful tanagers, dazzling hummingbirds, endemic antbirds, and the iconic Golden Lion Tamarin. Whether you explore the flooded forests of the Amazon, the open savannas of the Cerrado, the wetlands of the Pantanal, or the mist-covered ridges of the Atlantic Forest, Brazil offers an unforgettable journey through some of the richest wildlife habitats\u00a0on\u00a0the\u00a0planet. \u2728 Ready for your adventure? Explore our tours \u2192<\/p>","protected":false},"author":2,"featured_media":0,"parent":2962,"menu_order":0,"comment_status":"closed","ping_status":"closed","template":"elementor_header_footer","meta":{"_price":"","_stock":"","_tribe_ticket_header":"","_tribe_default_ticket_provider":"","_tribe_ticket_capacity":"0","_ticket_start_date":"","_ticket_end_date":"","_tribe_ticket_show_description":"","_tribe_ticket_show_not_going":false,"_tribe_ticket_use_global_stock":"","_tribe_ticket_global_stock_level":"","_global_stock_mode":"","_global_stock_cap":"","_tribe_rsvp_for_event":"","_tribe_ticket_going_count":"","_tribe_ticket_not_going_count":"","_tribe_tickets_list":"[]","_tribe_ticket_has_attendee_info_fields":false,"_joinchat":[],"footnotes":"","_tec_slr_enabled":"","_tec_slr_layout":""},"class_list":["post-2779","page","type-page","status-publish","hentry"],"ticketed":false,"_links":{"self":[{"href":"https:\/\/www.birdsightingsperu.com\/pt\/wp-json\/wp\/v2\/pages\/2779","targetHints":{"allow":["GET"]}}],"collection":[{"href":"https:\/\/www.birdsightingsperu.com\/pt\/wp-json\/wp\/v2\/pages"}],"about":[{"href":"https:\/\/www.birdsightingsperu.com\/pt\/wp-json\/wp\/v2\/types\/page"}],"author":[{"embeddable":true,"href":"https:\/\/www.birdsightingsperu.com\/pt\/wp-json\/wp\/v2\/users\/2"}],"replies":[{"embeddable":true,"href":"https:\/\/www.birdsightingsperu.com\/pt\/wp-json\/wp\/v2\/comments?post=2779"}],"version-history":[{"count":0,"href":"https:\/\/www.birdsightingsperu.com\/pt\/wp-json\/wp\/v2\/pages\/2779\/revisions"}],"up":[{"embeddable":true,"href":"https:\/\/www.birdsightingsperu.com\/pt\/wp-json\/wp\/v2\/pages\/2962"}],"wp:attachment":[{"href":"https:\/\/www.birdsightingsperu.com\/pt\/wp-json\/wp\/v2\/media?parent=2779"}],"curies":[{"name":"wp","href":"https:\/\/api.w.org\/{rel}","templated":true}]}}