{"id":2688,"date":"2025-08-16T12:54:47","date_gmt":"2025-08-16T17:54:47","guid":{"rendered":"https:\/\/www.proyectoweb.forestalgil.com\/?page_id=2688"},"modified":"2025-09-15T03:27:17","modified_gmt":"2025-09-15T08:27:17","slug":"about-us","status":"publish","type":"page","link":"https:\/\/www.birdsightingsperu.com\/pt\/about-us\/","title":{"rendered":"Sobre nosotros"},"content":{"rendered":"<div data-elementor-type=\"wp-page\" data-elementor-id=\"2688\" class=\"elementor elementor-2688\">\n\t\t\t\t\t\t<section class=\"elementor-section elementor-top-section elementor-element elementor-element-3a196d160 elementor-section-boxed elementor-section-height-default elementor-section-height-default row-top wpr-particle-no wpr-jarallax-no wpr-parallax-no wpr-sticky-section-no wpr-equal-height-no\" data-id=\"3a196d160\" data-element_type=\"section\" data-e-type=\"section\" data-settings=\"{&quot;background_background&quot;:&quot;classic&quot;}\">\n\t\t\t\t\t\t\t<div class=\"elementor-background-overlay\"><\/div>\n\t\t\t\t\t\t\t<div class=\"elementor-container elementor-column-gap-default\">\n\t\t\t\t\t<div class=\"elementor-column elementor-col-100 elementor-top-column elementor-element elementor-element-44822e2a\" data-id=\"44822e2a\" data-element_type=\"column\" data-e-type=\"column\">\n\t\t\t<div class=\"elementor-widget-wrap elementor-element-populated\">\n\t\t\t\t\t\t<div class=\"elementor-element elementor-element-29244dac elementor-widget elementor-widget-heading\" data-id=\"29244dac\" data-element_type=\"widget\" data-e-type=\"widget\" data-widget_type=\"heading.default\">\n\t\t\t\t<div class=\"elementor-widget-container\">\n\t\t\t\t\t<h2 class=\"elementor-heading-title elementor-size-default\">Sobre n\u00f3s<\/h2>\t\t\t\t<\/div>\n\t\t\t\t<\/div>\n\t\t\t\t\t<\/div>\n\t\t<\/div>\n\t\t\t\t\t<\/div>\n\t\t<\/section>\n\t\t\t\t<section class=\"elementor-section elementor-top-section elementor-element elementor-element-23f34d28 elementor-section-boxed elementor-section-height-default elementor-section-height-default row-top wpr-particle-no wpr-jarallax-no wpr-parallax-no wpr-sticky-section-no wpr-equal-height-no\" data-id=\"23f34d28\" data-element_type=\"section\" data-e-type=\"section\">\n\t\t\t\t\t\t<div class=\"elementor-container elementor-column-gap-default\">\n\t\t\t\t\t<div class=\"elementor-column elementor-col-50 elementor-top-column elementor-element elementor-element-39d7587d\" data-id=\"39d7587d\" data-element_type=\"column\" data-e-type=\"column\">\n\t\t\t<div class=\"elementor-widget-wrap elementor-element-populated\">\n\t\t\t\t\t\t<div class=\"elementor-element elementor-element-4bd27ff6 elementor-widget elementor-widget-heading\" data-id=\"4bd27ff6\" data-element_type=\"widget\" data-e-type=\"widget\" data-widget_type=\"heading.default\">\n\t\t\t\t<div class=\"elementor-widget-container\">\n\t\t\t\t\t<h2 class=\"elementor-heading-title elementor-size-default\">Bem-vindo \u00e0 BirdSightings Peru<\/h2>\t\t\t\t<\/div>\n\t\t\t\t<\/div>\n\t\t\t\t<div class=\"elementor-element elementor-element-571a0a4a elementor-widget-divider--view-line elementor-widget elementor-widget-divider\" data-id=\"571a0a4a\" data-element_type=\"widget\" data-e-type=\"widget\" data-widget_type=\"divider.default\">\n\t\t\t\t<div class=\"elementor-widget-container\">\n\t\t\t\t\t\t\t<div class=\"elementor-divider\">\n\t\t\t<span class=\"elementor-divider-separator\">\n\t\t\t\t\t\t<\/span>\n\t\t<\/div>\n\t\t\t\t\t\t<\/div>\n\t\t\t\t<\/div>\n\t\t\t\t<div class=\"elementor-element elementor-element-343ed83e elementor-widget elementor-widget-text-editor\" data-id=\"343ed83e\" data-element_type=\"widget\" data-e-type=\"widget\" data-widget_type=\"text-editor.default\">\n\t\t\t\t<div class=\"elementor-widget-container\">\n\t\t\t\t\t\t\t\t\t<p>Bem-vindo \u00e0 BirdSightings Peru<\/p><p>Na BirdSightings Peru, acreditamos que o turismo respons\u00e1vel, bem organizado e equilibrado, desempenha um papel essencial na conserva\u00e7\u00e3o dos ecossistemas, especialmente da floresta amaz\u00f4nica. Por meio do ecoturismo, buscamos gerar oportunidades de emprego significativas para comunidades locais e ind\u00edgenas, ajudando a melhorar sua qualidade de vida enquanto preservamos seu patrim\u00f4nio natural e cultural.<\/p><p>Nossa experi\u00eancia mostra que a observa\u00e7\u00e3o de aves e o ecoturismo est\u00e3o entre as atividades menos invasivas para os ambientes naturais, oferecendo formas sustent\u00e1veis de apreciar e proteger a biodiversidade.<\/p><p>Junte-se a n\u00f3s em uma aventura inesquec\u00edvel de birdwatching no Peru, Bol\u00edvia ou Brasil, onde cada passo dado n\u00e3o apenas o aproxima de uma avifauna e paisagens espetaculares, mas tamb\u00e9m contribui diretamente para a prote\u00e7\u00e3o dos ecossistemas que voc\u00ea explora.<\/p><p>\ud83c\udf3f Reserve sua viagem hoje e fa\u00e7a parte de um movimento que conecta conserva\u00e7\u00e3o, comunidade e a emo\u00e7\u00e3o da observa\u00e7\u00e3o de aves em algumas das regi\u00f5es mais biodiversas do planeta.<\/p><p>Jos\u00e9 Antonio Padilla Reyes, l\u00edder de tours no Peru, Bol\u00edvia e Brasil.\nGerente Geral<\/p>\t\t\t\t\t\t\t\t<\/div>\n\t\t\t\t<\/div>\n\t\t\t\t\t<\/div>\n\t\t<\/div>\n\t\t\t\t<div class=\"elementor-column elementor-col-50 elementor-top-column elementor-element elementor-element-5cae063e elementor-hidden-tablet\" data-id=\"5cae063e\" data-element_type=\"column\" data-e-type=\"column\">\n\t\t\t<div class=\"elementor-widget-wrap elementor-element-populated\">\n\t\t\t\t\t\t<div class=\"elementor-element elementor-element-2aea0e58 elementor-widget elementor-widget-image\" data-id=\"2aea0e58\" data-element_type=\"widget\" data-e-type=\"widget\" data-widget_type=\"image.default\">\n\t\t\t\t<div class=\"elementor-widget-container\">\n\t\t\t\t\t\t\t\t\t\t\t\t\t\t\t<img fetchpriority=\"high\" decoding=\"async\" width=\"532\" height=\"362\" src=\"https:\/\/www.birdsightingsperu.com\/wp-content\/uploads\/2025\/08\/Bolivia_Low-6-1.jpg\" class=\"attachment-large size-large wp-image-2910\" alt=\"\" \/>\t\t\t\t\t\t\t\t\t\t\t\t\t\t\t<\/div>\n\t\t\t\t<\/div>\n\t\t\t\t<div class=\"elementor-element elementor-element-70712b2 elementor-widget elementor-widget-image\" data-id=\"70712b2\" data-element_type=\"widget\" data-e-type=\"widget\" data-widget_type=\"image.default\">\n\t\t\t\t<div class=\"elementor-widget-container\">\n\t\t\t\t\t\t\t\t\t\t\t\t\t\t\t<img decoding=\"async\" width=\"900\" height=\"515\" src=\"https:\/\/www.birdsightingsperu.com\/wp-content\/uploads\/2025\/08\/p4-1024x586.jpg\" class=\"attachment-large size-large wp-image-2915\" alt=\"\" srcset=\"https:\/\/www.birdsightingsperu.com\/wp-content\/uploads\/2025\/08\/p4-1024x586.jpg 1024w, https:\/\/www.birdsightingsperu.com\/wp-content\/uploads\/2025\/08\/p4-768x439.jpg 768w, https:\/\/www.birdsightingsperu.com\/wp-content\/uploads\/2025\/08\/p4.jpg 1280w\" sizes=\"(max-width: 900px) 100vw, 900px\" \/>\t\t\t\t\t\t\t\t\t\t\t\t\t\t\t<\/div>\n\t\t\t\t<\/div>\n\t\t\t\t\t<\/div>\n\t\t<\/div>\n\t\t\t\t\t<\/div>\n\t\t<\/section>\n\t\t\t\t<section class=\"elementor-section elementor-top-section elementor-element elementor-element-1bd9d222 elementor-section-content-middle elementor-section-full_width elementor-reverse-mobile elementor-reverse-tablet elementor-section-height-default elementor-section-height-default row-top wpr-particle-no wpr-jarallax-no wpr-parallax-no wpr-sticky-section-no wpr-equal-height-no\" data-id=\"1bd9d222\" data-element_type=\"section\" data-e-type=\"section\">\n\t\t\t\t\t\t<div class=\"elementor-container elementor-column-gap-no\">\n\t\t\t\t\t<div class=\"elementor-column elementor-col-50 elementor-top-column elementor-element elementor-element-18bb0090\" data-id=\"18bb0090\" data-element_type=\"column\" data-e-type=\"column\">\n\t\t\t<div class=\"elementor-widget-wrap elementor-element-populated\">\n\t\t\t\t\t\t<div class=\"elementor-element elementor-element-155613ac elementor-widget-tablet__width-initial elementor-widget elementor-widget-image\" data-id=\"155613ac\" data-element_type=\"widget\" data-e-type=\"widget\" data-widget_type=\"image.default\">\n\t\t\t\t<div class=\"elementor-widget-container\">\n\t\t\t\t\t\t\t\t\t\t\t\t\t\t\t<img decoding=\"async\" width=\"900\" height=\"526\" src=\"https:\/\/www.birdsightingsperu.com\/wp-content\/uploads\/2025\/08\/BuffBriddleIncaFinch-1024x598.jpg\" class=\"attachment-large size-large wp-image-2916\" alt=\"\" srcset=\"https:\/\/www.birdsightingsperu.com\/wp-content\/uploads\/2025\/08\/BuffBriddleIncaFinch-1024x598.jpg 1024w, https:\/\/www.birdsightingsperu.com\/wp-content\/uploads\/2025\/08\/BuffBriddleIncaFinch-768x448.jpg 768w, https:\/\/www.birdsightingsperu.com\/wp-content\/uploads\/2025\/08\/BuffBriddleIncaFinch.jpg 1280w\" sizes=\"(max-width: 900px) 100vw, 900px\" \/>\t\t\t\t\t\t\t\t\t\t\t\t\t\t\t<\/div>\n\t\t\t\t<\/div>\n\t\t\t\t\t<\/div>\n\t\t<\/div>\n\t\t\t\t<div class=\"elementor-column elementor-col-50 elementor-top-column elementor-element elementor-element-1c3df0ae\" data-id=\"1c3df0ae\" data-element_type=\"column\" data-e-type=\"column\">\n\t\t\t<div class=\"elementor-widget-wrap elementor-element-populated\">\n\t\t\t\t\t\t<div class=\"elementor-element elementor-element-25cdc534 elementor-widget elementor-widget-heading\" data-id=\"25cdc534\" data-element_type=\"widget\" data-e-type=\"widget\" data-widget_type=\"heading.default\">\n\t\t\t\t<div class=\"elementor-widget-container\">\n\t\t\t\t\t<h1 class=\"elementor-heading-title elementor-size-default\">Nossa Vis\u00e3o<\/h1>\t\t\t\t<\/div>\n\t\t\t\t<\/div>\n\t\t\t\t<div class=\"elementor-element elementor-element-6414f795 elementor-widget elementor-widget-text-editor\" data-id=\"6414f795\" data-element_type=\"widget\" data-e-type=\"widget\" data-widget_type=\"text-editor.default\">\n\t\t\t\t<div class=\"elementor-widget-container\">\n\t\t\t\t\t\t\t\t\t<p>Na BirdSightings Peru, acreditamos que a observa\u00e7\u00e3o de aves e o ecoturismo, quando realizados de forma respons\u00e1vel, podem proteger a biodiversidade, fortalecer as comunidades locais e preservar os ecossistemas \u00fanicos do Peru, especialmente a floresta amaz\u00f4nica.<\/p>\t\t\t\t\t\t\t\t<\/div>\n\t\t\t\t<\/div>\n\t\t\t\t\t<\/div>\n\t\t<\/div>\n\t\t\t\t\t<\/div>\n\t\t<\/section>\n\t\t\t\t<section class=\"elementor-section elementor-top-section elementor-element elementor-element-3ab44dd8 elementor-section-content-middle elementor-section-full_width elementor-section-height-default elementor-section-height-default row-top wpr-particle-no wpr-jarallax-no wpr-parallax-no wpr-sticky-section-no wpr-equal-height-no\" data-id=\"3ab44dd8\" data-element_type=\"section\" data-e-type=\"section\">\n\t\t\t\t\t\t<div class=\"elementor-container elementor-column-gap-no\">\n\t\t\t\t\t<div class=\"elementor-column elementor-col-50 elementor-top-column elementor-element elementor-element-34e26f7b\" data-id=\"34e26f7b\" data-element_type=\"column\" data-e-type=\"column\">\n\t\t\t<div class=\"elementor-widget-wrap elementor-element-populated\">\n\t\t\t\t\t\t<div class=\"elementor-element elementor-element-41e552fa elementor-widget elementor-widget-heading\" data-id=\"41e552fa\" data-element_type=\"widget\" data-e-type=\"widget\" data-widget_type=\"heading.default\">\n\t\t\t\t<div class=\"elementor-widget-container\">\n\t\t\t\t\t<h2 class=\"elementor-heading-title elementor-size-default\">Nossa miss\u00e3o<\/h2>\t\t\t\t<\/div>\n\t\t\t\t<\/div>\n\t\t\t\t<div class=\"elementor-element elementor-element-52c8d258 elementor-widget elementor-widget-text-editor\" data-id=\"52c8d258\" data-element_type=\"widget\" data-e-type=\"widget\" data-widget_type=\"text-editor.default\">\n\t\t\t\t<div class=\"elementor-widget-container\">\n\t\t\t\t\t\t\t\t\t<p class=\"zfr3Q CDt4Ke\" dir=\"ltr\"><span class=\"C9DxTc\">Buscamos oferecer experi\u00eancias excepcionais de birdwatching, ao mesmo tempo em que contribu\u00edmos para a conserva\u00e7\u00e3o e apoiamos comunidades nativas e rurais por meio do turismo sustent\u00e1vel.<\/span><\/p><p class=\"zfr3Q CDt4Ke\" dir=\"ltr\"><strong><span class=\"C9DxTc\">Nossos valores<\/span><\/strong><\/p>\t\t\t\t\t\t\t\t<\/div>\n\t\t\t\t<\/div>\n\t\t\t\t<div class=\"elementor-element elementor-element-d67eb28 elementor-icon-list--layout-traditional elementor-list-item-link-full_width elementor-widget elementor-widget-icon-list\" data-id=\"d67eb28\" data-element_type=\"widget\" data-e-type=\"widget\" data-widget_type=\"icon-list.default\">\n\t\t\t\t<div class=\"elementor-widget-container\">\n\t\t\t\t\t\t\t<ul class=\"elementor-icon-list-items\">\n\t\t\t\t\t\t\t<li class=\"elementor-icon-list-item\">\n\t\t\t\t\t\t\t\t\t\t\t<span class=\"elementor-icon-list-icon\">\n\t\t\t\t\t\t\t<i aria-hidden=\"true\" class=\"fas fa-check\"><\/i>\t\t\t\t\t\t<\/span>\n\t\t\t\t\t\t\t\t\t\t<span class=\"elementor-icon-list-text\">Turismo com foco na conserva\u00e7\u00e3o<\/span>\n\t\t\t\t\t\t\t\t\t<\/li>\n\t\t\t\t\t\t\t\t<li class=\"elementor-icon-list-item\">\n\t\t\t\t\t\t\t\t\t\t\t<span class=\"elementor-icon-list-icon\">\n\t\t\t\t\t\t\t<i aria-hidden=\"true\" class=\"fas fa-check\"><\/i>\t\t\t\t\t\t<\/span>\n\t\t\t\t\t\t\t\t\t\t<span class=\"elementor-icon-list-text\">Apoio aos meios de subsist\u00eancia locais e ind\u00edgenas<\/span>\n\t\t\t\t\t\t\t\t\t<\/li>\n\t\t\t\t\t\t\t\t<li class=\"elementor-icon-list-item\">\n\t\t\t\t\t\t\t\t\t\t\t<span class=\"elementor-icon-list-icon\">\n\t\t\t\t\t\t\t<i aria-hidden=\"true\" class=\"fas fa-check\"><\/i>\t\t\t\t\t\t<\/span>\n\t\t\t\t\t\t\t\t\t\t<span class=\"elementor-icon-list-text\">Educa\u00e7\u00e3o e conscientiza\u00e7\u00e3o ambiental<\/span>\n\t\t\t\t\t\t\t\t\t<\/li>\n\t\t\t\t\t\t\t\t<li class=\"elementor-icon-list-item\">\n\t\t\t\t\t\t\t\t\t\t\t<span class=\"elementor-icon-list-icon\">\n\t\t\t\t\t\t\t<i aria-hidden=\"true\" class=\"fas fa-check\"><\/i>\t\t\t\t\t\t<\/span>\n\t\t\t\t\t\t\t\t\t\t<span class=\"elementor-icon-list-text\">Colabora\u00e7\u00e3o com pesquisadores e conservacionistas<\/span>\n\t\t\t\t\t\t\t\t\t<\/li>\n\t\t\t\t\t\t<\/ul>\n\t\t\t\t\t\t<\/div>\n\t\t\t\t<\/div>\n\t\t\t\t\t<\/div>\n\t\t<\/div>\n\t\t\t\t<div class=\"elementor-column elementor-col-50 elementor-top-column elementor-element elementor-element-79fb5b21\" data-id=\"79fb5b21\" data-element_type=\"column\" data-e-type=\"column\">\n\t\t\t<div class=\"elementor-widget-wrap elementor-element-populated\">\n\t\t\t\t\t\t<div class=\"elementor-element elementor-element-707beed3 elementor-widget elementor-widget-image\" data-id=\"707beed3\" data-element_type=\"widget\" data-e-type=\"widget\" data-widget_type=\"image.default\">\n\t\t\t\t<div class=\"elementor-widget-container\">\n\t\t\t\t\t\t\t\t\t\t\t\t\t\t\t<img loading=\"lazy\" decoding=\"async\" width=\"900\" height=\"571\" src=\"https:\/\/www.birdsightingsperu.com\/wp-content\/uploads\/2025\/08\/p6-1-1024x650.jpg\" class=\"attachment-large size-large wp-image-2922\" alt=\"\" srcset=\"https:\/\/www.birdsightingsperu.com\/wp-content\/uploads\/2025\/08\/p6-1-1024x650.jpg 1024w, https:\/\/www.birdsightingsperu.com\/wp-content\/uploads\/2025\/08\/p6-1-768x487.jpg 768w, https:\/\/www.birdsightingsperu.com\/wp-content\/uploads\/2025\/08\/p6-1.jpg 1280w\" sizes=\"(max-width: 900px) 100vw, 900px\" \/>\t\t\t\t\t\t\t\t\t\t\t\t\t\t\t<\/div>\n\t\t\t\t<\/div>\n\t\t\t\t\t<\/div>\n\t\t<\/div>\n\t\t\t\t\t<\/div>\n\t\t<\/section>\n\t\t\t\t<section class=\"elementor-section elementor-top-section elementor-element elementor-element-5c4ead93 elementor-section-content-middle elementor-section-boxed elementor-section-height-default elementor-section-height-default row-top wpr-particle-no wpr-jarallax-no wpr-parallax-no wpr-sticky-section-no wpr-equal-height-no\" data-id=\"5c4ead93\" data-element_type=\"section\" data-e-type=\"section\">\n\t\t\t\t\t\t<div class=\"elementor-container elementor-column-gap-no\">\n\t\t\t\t\t<div class=\"elementor-column elementor-col-100 elementor-top-column elementor-element elementor-element-76872c8b\" data-id=\"76872c8b\" data-element_type=\"column\" data-e-type=\"column\">\n\t\t\t<div class=\"elementor-widget-wrap elementor-element-populated\">\n\t\t\t\t\t\t<section class=\"elementor-section elementor-inner-section elementor-element elementor-element-4e901041 elementor-section-content-middle elementor-section-boxed elementor-section-height-default elementor-section-height-default row-top wpr-particle-no wpr-jarallax-no wpr-parallax-no wpr-sticky-section-no wpr-equal-height-no\" data-id=\"4e901041\" data-element_type=\"section\" data-e-type=\"section\">\n\t\t\t\t\t\t<div class=\"elementor-container elementor-column-gap-no\">\n\t\t\t\t\t<div class=\"elementor-column elementor-col-33 elementor-inner-column elementor-element elementor-element-5832d35f\" data-id=\"5832d35f\" data-element_type=\"column\" data-e-type=\"column\">\n\t\t\t<div class=\"elementor-widget-wrap elementor-element-populated\">\n\t\t\t\t\t\t<div class=\"elementor-element elementor-element-6af439aa elementor-position-top elementor-widget elementor-widget-image-box\" data-id=\"6af439aa\" data-element_type=\"widget\" data-e-type=\"widget\" data-widget_type=\"image-box.default\">\n\t\t\t\t<div class=\"elementor-widget-container\">\n\t\t\t\t\t<div class=\"elementor-image-box-wrapper\"><figure class=\"elementor-image-box-img\"><img loading=\"lazy\" decoding=\"async\" width=\"512\" height=\"512\" src=\"https:\/\/www.birdsightingsperu.com\/wp-content\/uploads\/2025\/08\/costumer.png\" class=\"elementor-animation-grow attachment-full size-full wp-image-2935\" alt=\"\" srcset=\"https:\/\/www.birdsightingsperu.com\/wp-content\/uploads\/2025\/08\/costumer.png 512w, https:\/\/www.birdsightingsperu.com\/wp-content\/uploads\/2025\/08\/costumer-180x180.png 180w\" sizes=\"(max-width: 512px) 100vw, 512px\" \/><\/figure><div class=\"elementor-image-box-content\"><h3 class=\"elementor-image-box-title\">Equipe<\/h3><p class=\"elementor-image-box-description\">Conhe\u00e7a os profissionais que planejam e gerenciam nossas opera\u00e7\u00f5es com paix\u00e3o e experi\u00eancia.<\/p><\/div><\/div>\t\t\t\t<\/div>\n\t\t\t\t<\/div>\n\t\t\t\t<div class=\"elementor-element elementor-element-8131424 elementor-align-center elementor-widget elementor-widget-button\" data-id=\"8131424\" data-element_type=\"widget\" data-e-type=\"widget\" data-widget_type=\"button.default\">\n\t\t\t\t<div class=\"elementor-widget-container\">\n\t\t\t\t\t\t\t\t\t<div class=\"elementor-button-wrapper\">\n\t\t\t\t\t<a class=\"elementor-button elementor-button-link elementor-size-sm\" href=\"\/pt\/staff\/\">\n\t\t\t\t\t\t<span class=\"elementor-button-content-wrapper\">\n\t\t\t\t\t\t\t\t\t<span class=\"elementor-button-text\">Saiba Mais<\/span>\n\t\t\t\t\t<\/span>\n\t\t\t\t\t<\/a>\n\t\t\t\t<\/div>\n\t\t\t\t\t\t\t\t<\/div>\n\t\t\t\t<\/div>\n\t\t\t\t\t<\/div>\n\t\t<\/div>\n\t\t\t\t<div class=\"elementor-column elementor-col-33 elementor-inner-column elementor-element elementor-element-1541c079\" data-id=\"1541c079\" data-element_type=\"column\" data-e-type=\"column\">\n\t\t\t<div class=\"elementor-widget-wrap elementor-element-populated\">\n\t\t\t\t\t\t<div class=\"elementor-element elementor-element-3bc31e27 elementor-position-top elementor-widget elementor-widget-image-box\" data-id=\"3bc31e27\" data-element_type=\"widget\" data-e-type=\"widget\" data-widget_type=\"image-box.default\">\n\t\t\t\t<div class=\"elementor-widget-container\">\n\t\t\t\t\t<div class=\"elementor-image-box-wrapper\"><figure class=\"elementor-image-box-img\"><img loading=\"lazy\" decoding=\"async\" width=\"512\" height=\"512\" src=\"https:\/\/www.birdsightingsperu.com\/wp-content\/uploads\/2025\/08\/tour-guide.png\" class=\"elementor-animation-grow attachment-full size-full wp-image-2936\" alt=\"\" srcset=\"https:\/\/www.birdsightingsperu.com\/wp-content\/uploads\/2025\/08\/tour-guide.png 512w, https:\/\/www.birdsightingsperu.com\/wp-content\/uploads\/2025\/08\/tour-guide-180x180.png 180w\" sizes=\"(max-width: 512px) 100vw, 512px\" \/><\/figure><div class=\"elementor-image-box-content\"><h3 class=\"elementor-image-box-title\">Guias<\/h3><p class=\"elementor-image-box-description\">Nossos guias especializados d\u00e3o vida \u00e0s experi\u00eancias de observa\u00e7\u00e3o de aves e culturais no Peru, Bol\u00edvia e Brasil.<\/p><\/div><\/div>\t\t\t\t<\/div>\n\t\t\t\t<\/div>\n\t\t\t\t<div class=\"elementor-element elementor-element-a460efc elementor-align-center elementor-widget elementor-widget-button\" data-id=\"a460efc\" data-element_type=\"widget\" data-e-type=\"widget\" data-widget_type=\"button.default\">\n\t\t\t\t<div class=\"elementor-widget-container\">\n\t\t\t\t\t\t\t\t\t<div class=\"elementor-button-wrapper\">\n\t\t\t\t\t<a class=\"elementor-button elementor-button-link elementor-size-sm\" href=\"\/pt\/guides\/\">\n\t\t\t\t\t\t<span class=\"elementor-button-content-wrapper\">\n\t\t\t\t\t\t\t\t\t<span class=\"elementor-button-text\">Saiba Mais<\/span>\n\t\t\t\t\t<\/span>\n\t\t\t\t\t<\/a>\n\t\t\t\t<\/div>\n\t\t\t\t\t\t\t\t<\/div>\n\t\t\t\t<\/div>\n\t\t\t\t\t<\/div>\n\t\t<\/div>\n\t\t\t\t<div class=\"elementor-column elementor-col-33 elementor-inner-column elementor-element elementor-element-43b4a6a6\" data-id=\"43b4a6a6\" data-element_type=\"column\" data-e-type=\"column\">\n\t\t\t<div class=\"elementor-widget-wrap elementor-element-populated\">\n\t\t\t\t\t\t<div class=\"elementor-element elementor-element-15459b1c elementor-position-top elementor-widget elementor-widget-image-box\" data-id=\"15459b1c\" data-element_type=\"widget\" data-e-type=\"widget\" data-widget_type=\"image-box.default\">\n\t\t\t\t<div class=\"elementor-widget-container\">\n\t\t\t\t\t<div class=\"elementor-image-box-wrapper\"><figure class=\"elementor-image-box-img\"><img loading=\"lazy\" decoding=\"async\" width=\"512\" height=\"512\" src=\"https:\/\/www.birdsightingsperu.com\/wp-content\/uploads\/2025\/08\/responsibility.png\" class=\"elementor-animation-grow attachment-full size-full wp-image-2937\" alt=\"\" srcset=\"https:\/\/www.birdsightingsperu.com\/wp-content\/uploads\/2025\/08\/responsibility.png 512w, https:\/\/www.birdsightingsperu.com\/wp-content\/uploads\/2025\/08\/responsibility-180x180.png 180w\" sizes=\"(max-width: 512px) 100vw, 512px\" \/><\/figure><div class=\"elementor-image-box-content\"><h3 class=\"elementor-image-box-title\">Responsabilidade<\/h3><p class=\"elementor-image-box-description\">Nossa responsabilidade \u00e9 oferecer pol\u00edticas transparentes e suporte completo para uma experi\u00eancia de viagem tranquila.<\/p><\/div><\/div>\t\t\t\t<\/div>\n\t\t\t\t<\/div>\n\t\t\t\t<div class=\"elementor-element elementor-element-9ebc1aa elementor-align-center elementor-widget elementor-widget-button\" data-id=\"9ebc1aa\" data-element_type=\"widget\" data-e-type=\"widget\" data-widget_type=\"button.default\">\n\t\t\t\t<div class=\"elementor-widget-container\">\n\t\t\t\t\t\t\t\t\t<div class=\"elementor-button-wrapper\">\n\t\t\t\t\t<a class=\"elementor-button elementor-button-link elementor-size-sm\" href=\"\/pt\/responsability\/\">\n\t\t\t\t\t\t<span class=\"elementor-button-content-wrapper\">\n\t\t\t\t\t\t\t\t\t<span class=\"elementor-button-text\">Saiba Mais<\/span>\n\t\t\t\t\t<\/span>\n\t\t\t\t\t<\/a>\n\t\t\t\t<\/div>\n\t\t\t\t\t\t\t\t<\/div>\n\t\t\t\t<\/div>\n\t\t\t\t\t<\/div>\n\t\t<\/div>\n\t\t\t\t\t<\/div>\n\t\t<\/section>\n\t\t\t\t\t<\/div>\n\t\t<\/div>\n\t\t\t\t\t<\/div>\n\t\t<\/section>\n\t\t\t\t<\/div>","protected":false},"excerpt":{"rendered":"<p>About Us Welcome to BirdSightings Peru Welcome to BirdSightings Peru At BirdSightings Peru, we believe that well-organized and balanced responsible tourism plays a vital role in the conservation of ecosystems, especially the Amazon rainforest. Through ecotourism, we aim to generate meaningful employment opportunities for local and Indigenous communities, helping them improve their quality of life while preserving their natural and cultural heritage. Our experience has shown that birdwatching and ecotourism are among the least invasive activities for natural areas, offering sustainable ways to appreciate and protect biodiversity. Join us for an unforgettable birding adventure in Peru, Bolivia, or Brazil, where every step you take not only brings you closer to spectacular birdlife and landscapes, but also contributes directly to the protection of the ecosystems you explore. \ud83c\udf3f Book your journey today and be part of a movement that connects conservation, community, and the thrill of birding in some of the most biodiverse regions on Earth! Jose Antonio Padilla Reyes, tour leader for Peru, Bolivia and Brasil. General Manager. Our Vision At Birdsightings Peru, we believe that birdwatching and ecotourism, when done responsibly, can protect biodiversity, empower local communities, and preserve the unique ecosystems of Peru\u2014especially the Amazon rainforest. Our Mission We aim to offer exceptional birding experiences while contributing to conservation efforts and supporting native and rural communities through sustainable tourism. What We Stand For Conservation-first tourism Support for local and indigenous livelihoods Education and environmental awareness Collaboration with researchers and conservationists Staff Meet the professionals who plan and manage our operations with passion and expertise. Learn More Guides Our expert guides bring birding and cultural experiences to life in Peru, Bolivia, and Brazil. Learn More Responsibility Our responsibility lies in offering transparent policies and full support for a worry-free travel experience. Learn More<\/p>","protected":false},"author":2,"featured_media":0,"parent":0,"menu_order":0,"comment_status":"closed","ping_status":"closed","template":"","meta":{"_price":"","_stock":"","_tribe_ticket_header":"","_tribe_default_ticket_provider":"","_tribe_ticket_capacity":"0","_ticket_start_date":"","_ticket_end_date":"","_tribe_ticket_show_description":"","_tribe_ticket_show_not_going":false,"_tribe_ticket_use_global_stock":"","_tribe_ticket_global_stock_level":"","_global_stock_mode":"","_global_stock_cap":"","_tribe_rsvp_for_event":"","_tribe_ticket_going_count":"","_tribe_ticket_not_going_count":"","_tribe_tickets_list":"[]","_tribe_ticket_has_attendee_info_fields":false,"_joinchat":[],"footnotes":"","_tec_slr_enabled":"","_tec_slr_layout":""},"class_list":["post-2688","page","type-page","status-publish","hentry"],"ticketed":false,"_links":{"self":[{"href":"https:\/\/www.birdsightingsperu.com\/pt\/wp-json\/wp\/v2\/pages\/2688","targetHints":{"allow":["GET"]}}],"collection":[{"href":"https:\/\/www.birdsightingsperu.com\/pt\/wp-json\/wp\/v2\/pages"}],"about":[{"href":"https:\/\/www.birdsightingsperu.com\/pt\/wp-json\/wp\/v2\/types\/page"}],"author":[{"embeddable":true,"href":"https:\/\/www.birdsightingsperu.com\/pt\/wp-json\/wp\/v2\/users\/2"}],"replies":[{"embeddable":true,"href":"https:\/\/www.birdsightingsperu.com\/pt\/wp-json\/wp\/v2\/comments?post=2688"}],"version-history":[{"count":1,"href":"https:\/\/www.birdsightingsperu.com\/pt\/wp-json\/wp\/v2\/pages\/2688\/revisions"}],"predecessor-version":[{"id":7151,"href":"https:\/\/www.birdsightingsperu.com\/pt\/wp-json\/wp\/v2\/pages\/2688\/revisions\/7151"}],"wp:attachment":[{"href":"https:\/\/www.birdsightingsperu.com\/pt\/wp-json\/wp\/v2\/media?parent=2688"}],"curies":[{"name":"wp","href":"https:\/\/api.w.org\/{rel}","templated":true}]}}