{"id":2974,"date":"2025-08-18T20:41:36","date_gmt":"2025-08-19T01:41:36","guid":{"rendered":"https:\/\/www.proyectoweb.forestalgil.com\/?page_id=2974"},"modified":"2025-09-17T01:34:54","modified_gmt":"2025-09-17T06:34:54","slug":"brazil-tours","status":"publish","type":"page","link":"https:\/\/www.birdsightingsperu.com\/es\/brazil-tours\/","title":{"rendered":"Tours en Brasil"},"content":{"rendered":"<div data-elementor-type=\"wp-page\" data-elementor-id=\"2974\" class=\"elementor elementor-2974\">\n\t\t\t\t\t\t<section class=\"elementor-section elementor-top-section elementor-element elementor-element-3558f15b elementor-section-boxed elementor-section-height-default elementor-section-height-default row-top wpr-particle-no wpr-jarallax-no wpr-parallax-no wpr-equal-height-no\" data-id=\"3558f15b\" data-element_type=\"section\" data-e-type=\"section\" data-settings=\"{&quot;background_background&quot;:&quot;classic&quot;}\">\n\t\t\t\t\t\t\t<div class=\"elementor-background-overlay\"><\/div>\n\t\t\t\t\t\t\t<div class=\"elementor-container elementor-column-gap-default\">\n\t\t\t\t\t<div class=\"elementor-column elementor-col-100 elementor-top-column elementor-element elementor-element-1e3f2cb4\" data-id=\"1e3f2cb4\" data-element_type=\"column\" data-e-type=\"column\">\n\t\t\t<div class=\"elementor-widget-wrap elementor-element-populated\">\n\t\t\t\t\t\t<div class=\"elementor-element elementor-element-7b89b999 elementor-widget elementor-widget-heading\" data-id=\"7b89b999\" data-element_type=\"widget\" data-e-type=\"widget\" data-widget_type=\"heading.default\">\n\t\t\t\t<div class=\"elementor-widget-container\">\n\t\t\t\t\t<h2 class=\"elementor-heading-title elementor-size-default\">Brazil TOURS<\/h2>\t\t\t\t<\/div>\n\t\t\t\t<\/div>\n\t\t\t\t\t<\/div>\n\t\t<\/div>\n\t\t\t\t\t<\/div>\n\t\t<\/section>\n\t\t<div class=\"elementor-element elementor-element-9cdf735 elementor-hidden-mobile e-flex e-con-boxed wpr-particle-no wpr-jarallax-no wpr-parallax-no wpr-sticky-section-no wpr-equal-height-no e-con e-parent\" data-id=\"9cdf735\" data-element_type=\"container\" data-e-type=\"container\">\n\t\t\t\t\t<div class=\"e-con-inner\">\n\t\t\t\t<div class=\"elementor-element elementor-element-43c88966 elementor-widget elementor-widget-heading\" data-id=\"43c88966\" data-element_type=\"widget\" data-e-type=\"widget\" data-widget_type=\"heading.default\">\n\t\t\t\t<div class=\"elementor-widget-container\">\n\t\t\t\t\t<h2 class=\"elementor-heading-title elementor-size-default\">Pantanal Birding &amp; Custom Trips<\/h2>\t\t\t\t<\/div>\n\t\t\t\t<\/div>\n\t\t\t\t<div class=\"elementor-element elementor-element-1203b39d elementor-widget elementor-widget-text-editor\" data-id=\"1203b39d\" data-element_type=\"widget\" data-e-type=\"widget\" data-widget_type=\"text-editor.default\">\n\t\t\t\t<div class=\"elementor-widget-container\">\n\t\t\t\t\t\t\t\t\t<p>Experience the Pantanal with expert birding and photography tours in Brazil. Spot jaguars, macaws, and explore unique wildlife-rich landscapes.<\/p>\t\t\t\t\t\t\t\t<\/div>\n\t\t\t\t<\/div>\n\t\t\t\t\t<\/div>\n\t\t\t\t<\/div>\n\t\t\t\t<section class=\"elementor-section elementor-top-section elementor-element elementor-element-472ef61d elementor-section-boxed elementor-section-height-default elementor-section-height-default row-top wpr-particle-no wpr-jarallax-no wpr-parallax-no wpr-sticky-section-no wpr-equal-height-no\" data-id=\"472ef61d\" data-element_type=\"section\" data-e-type=\"section\" data-settings=\"{&quot;background_background&quot;:&quot;classic&quot;}\">\n\t\t\t\t\t\t<div class=\"elementor-container elementor-column-gap-default\">\n\t\t\t\t\t<div class=\"elementor-column elementor-col-50 elementor-top-column elementor-element elementor-element-48903819\" data-id=\"48903819\" data-element_type=\"column\" data-e-type=\"column\">\n\t\t\t<div class=\"elementor-widget-wrap elementor-element-populated\">\n\t\t\t\t\t\t<div class=\"elementor-element elementor-element-2944621b elementor-widget elementor-widget-heading\" data-id=\"2944621b\" data-element_type=\"widget\" data-e-type=\"widget\" data-widget_type=\"heading.default\">\n\t\t\t\t<div class=\"elementor-widget-container\">\n\t\t\t\t\t<h2 class=\"elementor-heading-title elementor-size-default\">Observaci\u00f3n de aves y fotograf\u00eda <\/h2>\t\t\t\t<\/div>\n\t\t\t\t<\/div>\n\t\t\t\t<div class=\"elementor-element elementor-element-4f7e55a4 elementor-widget-divider--view-line elementor-widget elementor-widget-divider\" data-id=\"4f7e55a4\" data-element_type=\"widget\" data-e-type=\"widget\" data-widget_type=\"divider.default\">\n\t\t\t\t<div class=\"elementor-widget-container\">\n\t\t\t\t\t\t\t<div class=\"elementor-divider\">\n\t\t\t<span class=\"elementor-divider-separator\">\n\t\t\t\t\t\t<\/span>\n\t\t<\/div>\n\t\t\t\t\t\t<\/div>\n\t\t\t\t<\/div>\n\t\t\t\t<div class=\"elementor-element elementor-element-16ba7675 elementor-widget elementor-widget-text-editor\" data-id=\"16ba7675\" data-element_type=\"widget\" data-e-type=\"widget\" data-widget_type=\"text-editor.default\">\n\t\t\t\t<div class=\"elementor-widget-container\">\n\t\t\t\t\t\t\t\t\t<p>Experience Brazil\u2019s natural wonders, from lush rainforests to open wetlands, with expert guides who will help you capture the best sightings and moments.<\/p><p>Tours disponibles:<\/p><ul><li><strong>The Best of Pantanal \u2013 11 days \/ 10 nights<\/strong><br \/><em><strong>Descripci\u00f3n:<\/strong><\/em> An all-inclusive expedition through the Pantanal and Brazilian savannah, combining birdwatching, wildlife encounters, and photography. Spot the elusive Jaguar, Hyacinth Macaw, Agami Heron, and Giant Otter while exploring rivers, forests, and grasslands.<\/li><li><strong>Atlantic Rainforest \u2013 13 days \/ 12 nights<\/strong><br \/><em><strong>Descripci\u00f3n:<\/strong><\/em> Explore Brazil\u2019s Atlantic Forest, from Serra da Canastra to Ubatuba. Spot rare birds like the Brazilian Merganser, vibrant tanagers, hummingbirds, and manakins in one of the world\u2019s most biodiverse regions.<\/li><\/ul>\t\t\t\t\t\t\t\t<\/div>\n\t\t\t\t<\/div>\n\t\t\t\t<div class=\"elementor-element elementor-element-7856b070 elementor-widget elementor-widget-button\" data-id=\"7856b070\" data-element_type=\"widget\" data-e-type=\"widget\" data-widget_type=\"button.default\">\n\t\t\t\t<div class=\"elementor-widget-container\">\n\t\t\t\t\t\t\t\t\t<div class=\"elementor-button-wrapper\">\n\t\t\t\t\t<a class=\"elementor-button elementor-button-link elementor-size-sm elementor-animation-grow\" href=\"\/es\/birding-photography-brazil\/\">\n\t\t\t\t\t\t<span class=\"elementor-button-content-wrapper\">\n\t\t\t\t\t\t<span class=\"elementor-button-icon\">\n\t\t\t\t<i aria-hidden=\"true\" class=\"fas fa-arrow-right\"><\/i>\t\t\t<\/span>\n\t\t\t\t\t\t\t\t\t<span class=\"elementor-button-text\">VER TOUR<\/span>\n\t\t\t\t\t<\/span>\n\t\t\t\t\t<\/a>\n\t\t\t\t<\/div>\n\t\t\t\t\t\t\t\t<\/div>\n\t\t\t\t<\/div>\n\t\t\t\t\t<\/div>\n\t\t<\/div>\n\t\t\t\t<div class=\"elementor-column elementor-col-50 elementor-top-column elementor-element elementor-element-76cb8431\" data-id=\"76cb8431\" data-element_type=\"column\" data-e-type=\"column\">\n\t\t\t<div class=\"elementor-widget-wrap elementor-element-populated\">\n\t\t\t\t\t\t<div class=\"elementor-element elementor-element-40697796 wpr-image-accordion-row wpr-image-accordion-interaction-hover wpr-acc-border-outer elementor-widget elementor-widget-wpr-image-accordion\" data-id=\"40697796\" data-element_type=\"widget\" data-e-type=\"widget\" data-widget_type=\"wpr-image-accordion.default\">\n\t\t\t\t<div class=\"elementor-widget-container\">\n\t\t\t\t\t\n\t\t<div class=\"wpr-image-accordion-wrap\">\n\n\t\t\t\t\t\t\t<div class=\"wpr-image-accordion\">\n\t\t\t\n\t\t\t\n\t\t\t\t<div data-src=\"https:\/\/www.birdsightingsperu.com\/wp-content\/uploads\/2025\/08\/brazil1-1.jpg\"   class=\"wpr-image-accordion-item elementor-repeater-item-7d12714 wpr-effect-size-\">\n\n\t\t\t\t<div class=\"wpr-accordion-background\" style=\"background-image: url(https:\/\/www.birdsightingsperu.com\/wp-content\/uploads\/2025\/08\/brazil1-1.jpg);\"><\/div>\n\t\t\t\t\t\t\t\n\t\t\t\t\t\t\t<div class=\"wpr-img-accordion-media-hover wpr-animation-wrap\" data-settings=\"{&quot;activeItem&quot;:{&quot;activeWidth&quot;:4,&quot;defaultActive&quot;:5,&quot;interaction&quot;:&quot;hover&quot;,&quot;overlayLink&quot;:&quot;&quot;,&quot;overlayLinkTarget&quot;:&quot;_self&quot;}}\" data-src=\"https:\/\/www.birdsightingsperu.com\/wp-content\/uploads\/2025\/08\/brazil1-1.jpg\"><div class=\"wpr-img-accordion-hover-bg  wpr-overlay-fade-in wpr-anim-size-large wpr-anim-timing-ease-default wpr-anim-transparency\"><\/div><div class=\"wpr-cv-container\"><div class=\"wpr-cv-outer\"><div class=\"wpr-cv-inner\"><div class=\"wpr-img-accordion-media-hover-middle elementor-clearfix\"><\/div><\/div><\/div><\/div><\/div>\t\t\t\t<\/div>\n\n\t\t\t\n\t\t\t\t<div data-src=\"https:\/\/www.birdsightingsperu.com\/wp-content\/uploads\/2025\/08\/DSC_1491-1-1.jpg\"   class=\"wpr-image-accordion-item elementor-repeater-item-74e4587 wpr-effect-size-\">\n\n\t\t\t\t<div class=\"wpr-accordion-background\" style=\"background-image: url(https:\/\/www.birdsightingsperu.com\/wp-content\/uploads\/2025\/08\/DSC_1491-1-1.jpg);\"><\/div>\n\t\t\t\t\t\t\t\n\t\t\t\t\t\t\t<div class=\"wpr-img-accordion-media-hover wpr-animation-wrap\" data-settings=\"{&quot;activeItem&quot;:{&quot;activeWidth&quot;:4,&quot;defaultActive&quot;:5,&quot;interaction&quot;:&quot;hover&quot;,&quot;overlayLink&quot;:&quot;&quot;,&quot;overlayLinkTarget&quot;:&quot;_self&quot;}}\" data-src=\"https:\/\/www.birdsightingsperu.com\/wp-content\/uploads\/2025\/08\/DSC_1491-1-1.jpg\"><div class=\"wpr-img-accordion-hover-bg  wpr-overlay-fade-in wpr-anim-size-large wpr-anim-timing-ease-default wpr-anim-transparency\"><\/div><div class=\"wpr-cv-container\"><div class=\"wpr-cv-outer\"><div class=\"wpr-cv-inner\"><div class=\"wpr-img-accordion-media-hover-middle elementor-clearfix\"><\/div><\/div><\/div><\/div><\/div>\t\t\t\t<\/div>\n\n\t\t\t            \n\t\t\t<\/div>\n\t\t<\/div>\n\n\t\t\t\t\t\t<\/div>\n\t\t\t\t<\/div>\n\t\t\t\t\t<\/div>\n\t\t<\/div>\n\t\t\t\t\t<\/div>\n\t\t<\/section>\n\t\t<div class=\"elementor-element elementor-element-1a895ed3 e-flex e-con-boxed wpr-particle-no wpr-jarallax-no wpr-parallax-no wpr-sticky-section-no wpr-equal-height-no e-con e-parent\" data-id=\"1a895ed3\" data-element_type=\"container\" data-e-type=\"container\" data-settings=\"{&quot;background_background&quot;:&quot;classic&quot;}\">\n\t\t\t\t\t<div class=\"e-con-inner\">\n\t\t<div class=\"elementor-element elementor-element-44ba2289 e-con-full e-flex wpr-particle-no wpr-jarallax-no wpr-parallax-no wpr-sticky-section-no wpr-equal-height-no e-con e-child\" data-id=\"44ba2289\" data-element_type=\"container\" data-e-type=\"container\">\n\t\t\t\t<div class=\"elementor-element elementor-element-27cd875f elementor-widget elementor-widget-heading\" data-id=\"27cd875f\" data-element_type=\"widget\" data-e-type=\"widget\" data-widget_type=\"heading.default\">\n\t\t\t\t<div class=\"elementor-widget-container\">\n\t\t\t\t\t<h2 class=\"elementor-heading-title elementor-size-default\">Tours Personalizados<\/h2>\t\t\t\t<\/div>\n\t\t\t\t<\/div>\n\t\t\t\t<div class=\"elementor-element elementor-element-47772a1b elementor-widget-divider--view-line elementor-widget elementor-widget-divider\" data-id=\"47772a1b\" data-element_type=\"widget\" data-e-type=\"widget\" data-widget_type=\"divider.default\">\n\t\t\t\t<div class=\"elementor-widget-container\">\n\t\t\t\t\t\t\t<div class=\"elementor-divider\">\n\t\t\t<span class=\"elementor-divider-separator\">\n\t\t\t\t\t\t<\/span>\n\t\t<\/div>\n\t\t\t\t\t\t<\/div>\n\t\t\t\t<\/div>\n\t\t\t\t<div class=\"elementor-element elementor-element-d6090e1 elementor-widget elementor-widget-text-editor\" data-id=\"d6090e1\" data-element_type=\"widget\" data-e-type=\"widget\" data-widget_type=\"text-editor.default\">\n\t\t\t\t<div class=\"elementor-widget-container\">\n\t\t\t\t\t\t\t\t\t<p>Dise\u00f1a un viaje adaptado a tus intereses. Ya sea observaci\u00f3n de aves, fotograf\u00eda o descubrimiento cultural, crearemos un tour especialmente para ti.<\/p><ul><li><strong>Tu itinerario a medida<\/strong><br \/><em><strong>Descripci\u00f3n:<\/strong><\/em> Share your travel goals, and we\u2019ll customize the perfect experience in Brazil.<\/li><\/ul>\t\t\t\t\t\t\t\t<\/div>\n\t\t\t\t<\/div>\n\t\t\t\t<div class=\"elementor-element elementor-element-217b7fdb elementor-widget elementor-widget-button\" data-id=\"217b7fdb\" data-element_type=\"widget\" data-e-type=\"widget\" data-widget_type=\"button.default\">\n\t\t\t\t<div class=\"elementor-widget-container\">\n\t\t\t\t\t\t\t\t\t<div class=\"elementor-button-wrapper\">\n\t\t\t\t\t<a class=\"elementor-button elementor-button-link elementor-size-sm elementor-animation-grow\" href=\"\/es\/contact\/\">\n\t\t\t\t\t\t<span class=\"elementor-button-content-wrapper\">\n\t\t\t\t\t\t<span class=\"elementor-button-icon\">\n\t\t\t\t<i aria-hidden=\"true\" class=\"fas fa-arrow-right\"><\/i>\t\t\t<\/span>\n\t\t\t\t\t\t\t\t\t<span class=\"elementor-button-text\">Ver M\u00e1s<\/span>\n\t\t\t\t\t<\/span>\n\t\t\t\t\t<\/a>\n\t\t\t\t<\/div>\n\t\t\t\t\t\t\t\t<\/div>\n\t\t\t\t<\/div>\n\t\t\t\t<\/div>\n\t\t<div class=\"elementor-element elementor-element-50ac35d3 e-con-full e-flex wpr-particle-no wpr-jarallax-no wpr-parallax-no wpr-sticky-section-no wpr-equal-height-no e-con e-child\" data-id=\"50ac35d3\" data-element_type=\"container\" data-e-type=\"container\">\n\t\t\t\t<div class=\"elementor-element elementor-element-8cf7c86 wpr-image-accordion-row wpr-image-accordion-interaction-hover wpr-acc-border-outer elementor-widget elementor-widget-wpr-image-accordion\" data-id=\"8cf7c86\" data-element_type=\"widget\" data-e-type=\"widget\" data-widget_type=\"wpr-image-accordion.default\">\n\t\t\t\t<div class=\"elementor-widget-container\">\n\t\t\t\t\t\n\t\t<div class=\"wpr-image-accordion-wrap\">\n\n\t\t\t\t\t\t\t<div class=\"wpr-image-accordion\">\n\t\t\t\n\t\t\t\n\t\t\t\t<div data-src=\"https:\/\/www.birdsightingsperu.com\/wp-content\/uploads\/2025\/08\/DSC_8275-1-1-scaled.jpg\"   class=\"wpr-image-accordion-item elementor-repeater-item-7d12714 wpr-effect-size-\">\n\n\t\t\t\t<div class=\"wpr-accordion-background\" style=\"background-image: url(https:\/\/www.birdsightingsperu.com\/wp-content\/uploads\/2025\/08\/DSC_8275-1-1-scaled.jpg);\"><\/div>\n\t\t\t\t\t\t\t\n\t\t\t\t\t\t\t<div class=\"wpr-img-accordion-media-hover wpr-animation-wrap\" data-settings=\"{&quot;activeItem&quot;:{&quot;activeWidth&quot;:4,&quot;defaultActive&quot;:5,&quot;interaction&quot;:&quot;hover&quot;,&quot;overlayLink&quot;:&quot;&quot;,&quot;overlayLinkTarget&quot;:&quot;_self&quot;}}\" data-src=\"https:\/\/www.birdsightingsperu.com\/wp-content\/uploads\/2025\/08\/DSC_8275-1-1-scaled.jpg\"><div class=\"wpr-img-accordion-hover-bg  wpr-overlay-fade-in wpr-anim-size-large wpr-anim-timing-ease-default wpr-anim-transparency\"><\/div><div class=\"wpr-cv-container\"><div class=\"wpr-cv-outer\"><div class=\"wpr-cv-inner\"><div class=\"wpr-img-accordion-media-hover-middle elementor-clearfix\"><\/div><\/div><\/div><\/div><\/div>\t\t\t\t<\/div>\n\n\t\t\t\n\t\t\t\t<div data-src=\"https:\/\/www.birdsightingsperu.com\/wp-content\/uploads\/2025\/08\/DSC_3173-Mejorado-NR-1-scaled.jpg\"   class=\"wpr-image-accordion-item elementor-repeater-item-15eff1f wpr-effect-size-\">\n\n\t\t\t\t<div class=\"wpr-accordion-background\" style=\"background-image: url(https:\/\/www.birdsightingsperu.com\/wp-content\/uploads\/2025\/08\/DSC_3173-Mejorado-NR-1-scaled.jpg);\"><\/div>\n\t\t\t\t\t\t\t\n\t\t\t\t\t\t\t<div class=\"wpr-img-accordion-media-hover wpr-animation-wrap\" data-settings=\"{&quot;activeItem&quot;:{&quot;activeWidth&quot;:4,&quot;defaultActive&quot;:5,&quot;interaction&quot;:&quot;hover&quot;,&quot;overlayLink&quot;:&quot;&quot;,&quot;overlayLinkTarget&quot;:&quot;_self&quot;}}\" data-src=\"https:\/\/www.birdsightingsperu.com\/wp-content\/uploads\/2025\/08\/DSC_3173-Mejorado-NR-1-scaled.jpg\"><div class=\"wpr-img-accordion-hover-bg  wpr-overlay-fade-in wpr-anim-size-large wpr-anim-timing-ease-default wpr-anim-transparency\"><\/div><div class=\"wpr-cv-container\"><div class=\"wpr-cv-outer\"><div class=\"wpr-cv-inner\"><div class=\"wpr-img-accordion-media-hover-middle elementor-clearfix\"><\/div><\/div><\/div><\/div><\/div>\t\t\t\t<\/div>\n\n\t\t\t            \n\t\t\t<\/div>\n\t\t<\/div>\n\n\t\t\t\t\t\t<\/div>\n\t\t\t\t<\/div>\n\t\t\t\t<\/div>\n\t\t\t\t\t<\/div>\n\t\t\t\t<\/div>\n\t\t\t\t<\/div>","protected":false},"excerpt":{"rendered":"<p>Brazil TOURS Pantanal Birding &amp; Custom Trips Experience the Pantanal with expert birding and photography tours in Brazil. Spot jaguars, macaws, and explore unique wildlife-rich landscapes. Birding &amp; Photography Experience Brazil\u2019s natural wonders, from lush rainforests to open wetlands, with expert guides who will help you capture the best sightings and moments. Tours available: The Best of Pantanal \u2013 11 days \/ 10 nightsDescripci\u00f3n: An all-inclusive expedition through the Pantanal and Brazilian savannah, combining birdwatching, wildlife encounters, and photography. Spot the elusive Jaguar, Hyacinth Macaw, Agami Heron, and Giant Otter while exploring rivers, forests, and grasslands. Atlantic Rainforest \u2013 13 days \/ 12 nightsDescripci\u00f3n: Explore Brazil\u2019s Atlantic Forest, from Serra da Canastra to Ubatuba. Spot rare birds like the Brazilian Merganser, vibrant tanagers, hummingbirds, and manakins in one of the world\u2019s most biodiverse regions. View Tour Customized Tours Design a journey tailored to your interests. Whether birdwatching, photography, or cultural discovery, we will create a tour just for you. Your Tailored ItineraryDescription: Share your travel goals, and we\u2019ll customize the perfect experience in Brazil. View More<\/p>","protected":false},"author":2,"featured_media":0,"parent":0,"menu_order":0,"comment_status":"closed","ping_status":"closed","template":"elementor_header_footer","meta":{"_price":"","_stock":"","_tribe_ticket_header":"","_tribe_default_ticket_provider":"","_tribe_ticket_capacity":"0","_ticket_start_date":"","_ticket_end_date":"","_tribe_ticket_show_description":"","_tribe_ticket_show_not_going":false,"_tribe_ticket_use_global_stock":"","_tribe_ticket_global_stock_level":"","_global_stock_mode":"","_global_stock_cap":"","_tribe_rsvp_for_event":"","_tribe_ticket_going_count":"","_tribe_ticket_not_going_count":"","_tribe_tickets_list":"[]","_tribe_ticket_has_attendee_info_fields":false,"_joinchat":[],"footnotes":"","_tec_slr_enabled":"","_tec_slr_layout":""},"class_list":["post-2974","page","type-page","status-publish","hentry"],"ticketed":false,"_links":{"self":[{"href":"https:\/\/www.birdsightingsperu.com\/es\/wp-json\/wp\/v2\/pages\/2974","targetHints":{"allow":["GET"]}}],"collection":[{"href":"https:\/\/www.birdsightingsperu.com\/es\/wp-json\/wp\/v2\/pages"}],"about":[{"href":"https:\/\/www.birdsightingsperu.com\/es\/wp-json\/wp\/v2\/types\/page"}],"author":[{"embeddable":true,"href":"https:\/\/www.birdsightingsperu.com\/es\/wp-json\/wp\/v2\/users\/2"}],"replies":[{"embeddable":true,"href":"https:\/\/www.birdsightingsperu.com\/es\/wp-json\/wp\/v2\/comments?post=2974"}],"version-history":[{"count":0,"href":"https:\/\/www.birdsightingsperu.com\/es\/wp-json\/wp\/v2\/pages\/2974\/revisions"}],"wp:attachment":[{"href":"https:\/\/www.birdsightingsperu.com\/es\/wp-json\/wp\/v2\/media?parent=2974"}],"curies":[{"name":"wp","href":"https:\/\/api.w.org\/{rel}","templated":true}]}}