{"id":2958,"date":"2025-08-18T20:34:51","date_gmt":"2025-08-19T01:34:51","guid":{"rendered":"https:\/\/www.proyectoweb.forestalgil.com\/?page_id=2958"},"modified":"2025-10-06T00:09:25","modified_gmt":"2025-10-06T05:09:25","slug":"guides","status":"publish","type":"page","link":"https:\/\/www.birdsightingsperu.com\/es\/about-us\/guides\/","title":{"rendered":"Gu\u00edas"},"content":{"rendered":"<div data-elementor-type=\"wp-page\" data-elementor-id=\"2958\" class=\"elementor elementor-2958\">\n\t\t\t\t\t\t<section class=\"elementor-section elementor-top-section elementor-element elementor-element-2ba63df1 elementor-section-boxed elementor-section-height-default elementor-section-height-default row-top wpr-particle-no wpr-jarallax-no wpr-parallax-no wpr-equal-height-no\" data-id=\"2ba63df1\" data-element_type=\"section\" data-e-type=\"section\" data-settings=\"{&quot;background_background&quot;:&quot;classic&quot;}\">\n\t\t\t\t\t\t\t<div class=\"elementor-background-overlay\"><\/div>\n\t\t\t\t\t\t\t<div class=\"elementor-container elementor-column-gap-default\">\n\t\t\t\t\t<div class=\"elementor-column elementor-col-100 elementor-top-column elementor-element elementor-element-5a43139a\" data-id=\"5a43139a\" data-element_type=\"column\" data-e-type=\"column\">\n\t\t\t<div class=\"elementor-widget-wrap elementor-element-populated\">\n\t\t\t\t\t\t<div class=\"elementor-element elementor-element-4deaad46 elementor-widget elementor-widget-heading\" data-id=\"4deaad46\" data-element_type=\"widget\" data-e-type=\"widget\" data-widget_type=\"heading.default\">\n\t\t\t\t<div class=\"elementor-widget-container\">\n\t\t\t\t\t<h2 class=\"elementor-heading-title elementor-size-default\">Nuestro gu\u00edas<\/h2>\t\t\t\t<\/div>\n\t\t\t\t<\/div>\n\t\t\t\t\t<\/div>\n\t\t<\/div>\n\t\t\t\t\t<\/div>\n\t\t<\/section>\n\t\t\t\t<section class=\"elementor-section elementor-top-section elementor-element elementor-element-a69fec7 elementor-section-boxed elementor-section-height-default elementor-section-height-default row-top wpr-particle-no wpr-jarallax-no wpr-parallax-no wpr-sticky-section-no wpr-equal-height-no\" data-id=\"a69fec7\" data-element_type=\"section\" data-e-type=\"section\" data-settings=\"{&quot;background_background&quot;:&quot;classic&quot;}\">\n\t\t\t\t\t\t<div class=\"elementor-container elementor-column-gap-wide\">\n\t\t\t\t\t<div class=\"elementor-column elementor-col-100 elementor-top-column elementor-element elementor-element-17db6cb\" data-id=\"17db6cb\" data-element_type=\"column\" data-e-type=\"column\">\n\t\t\t<div class=\"elementor-widget-wrap elementor-element-populated\">\n\t\t\t\t\t\t<div class=\"elementor-element elementor-element-e51992a elementor-widget elementor-widget-heading\" data-id=\"e51992a\" data-element_type=\"widget\" data-e-type=\"widget\" data-widget_type=\"heading.default\">\n\t\t\t\t<div class=\"elementor-widget-container\">\n\t\t\t\t\t<h2 class=\"elementor-heading-title elementor-size-default\">Jos\u00e9 Antonio Padilla Reyes<\/h2>\t\t\t\t<\/div>\n\t\t\t\t<\/div>\n\t\t\t\t<div class=\"elementor-element elementor-element-219f5fa elementor-widget elementor-widget-heading\" data-id=\"219f5fa\" data-element_type=\"widget\" data-e-type=\"widget\" data-widget_type=\"heading.default\">\n\t\t\t\t<div class=\"elementor-widget-container\">\n\t\t\t\t\t<h3 class=\"elementor-heading-title elementor-size-default\">Naturalista \u00b7 Observaci\u00f3n de aves \u00b7 Fotograf\u00eda \u00b7 Gu\u00eda \u00b7 Sudam\u00e9rica\u2122<\/h3>\t\t\t\t<\/div>\n\t\t\t\t<\/div>\n\t\t\t\t<div class=\"elementor-element elementor-element-2e5a47d elementor-widget elementor-widget-text-editor\" data-id=\"2e5a47d\" data-element_type=\"widget\" data-e-type=\"widget\" data-widget_type=\"text-editor.default\">\n\t\t\t\t<div class=\"elementor-widget-container\">\n\t\t\t\t\t\t\t\t\t<p>Jos\u00e9 Antonio Padilla Reyes es un naturalista experimentado y gu\u00eda experto en observaci\u00f3n de aves, con m\u00e1s de dos d\u00e9cadas de experiencia en Sudam\u00e9rica. Nacido en Lima, Per\u00fa, inici\u00f3 su carrera en el ecoturismo a los 21 a\u00f1os en la Reserva Nacional Tambopata, en el coraz\u00f3n de la Amazon\u00eda peruana. Desde entonces, ha liderado tours de observaci\u00f3n de aves y fotograf\u00eda de vida silvestre en Per\u00fa, Bolivia, Brasil, Colombia y Ecuador.\nFluido en espa\u00f1ol, ingl\u00e9s y portugu\u00e9s, Jos\u00e9 Antonio combina un profundo conocimiento regional con una aut\u00e9ntica pasi\u00f3n por la biodiversidad aviar. Su trayectoria incluye labores de guiado en reconocidos destinos de observaci\u00f3n de aves a nivel mundial, como el Parque Nacional del Manu, los humedales del Pantanal y el Cristalino Lodge en Brasil. Ha trabajado con empresas internacionales como Naturetrek Wildlife Holidays (Reino Unido), Partnership International Birding y BirdSightings Per\u00fa.\nActualmente vive en Cusco, Per\u00fa, junto a su familia, y contin\u00faa liderando expediciones inmersivas de observaci\u00f3n de aves y fotograf\u00eda, con un enfoque orientado a la conservaci\u00f3n, en toda la regi\u00f3n neotropical.<\/p><p><strong>e-mail: <\/strong><a href=\"mailto:jose_antonioperu@hotmail.com\">jose_antonioperu@hotmail.com<\/a><\/p>\t\t\t\t\t\t\t\t<\/div>\n\t\t\t\t<\/div>\n\t\t\t\t<div class=\"elementor-element elementor-element-c3a4819 elementor-icon-list--layout-traditional elementor-list-item-link-full_width elementor-widget elementor-widget-icon-list\" data-id=\"c3a4819\" data-element_type=\"widget\" data-e-type=\"widget\" data-widget_type=\"icon-list.default\">\n\t\t\t\t<div class=\"elementor-widget-container\">\n\t\t\t\t\t\t\t<ul class=\"elementor-icon-list-items\">\n\t\t\t\t\t\t\t<li class=\"elementor-icon-list-item\">\n\t\t\t\t\t\t\t\t\t\t\t<span class=\"elementor-icon-list-icon\">\n\t\t\t\t\t\t\t<i aria-hidden=\"true\" class=\"fas fa-circle\"><\/i>\t\t\t\t\t\t<\/span>\n\t\t\t\t\t\t\t\t\t\t<span class=\"elementor-icon-list-text\">Idiomas: espa\u00f1ol, ingl\u00e9s, portugu\u00e9s<\/span>\n\t\t\t\t\t\t\t\t\t<\/li>\n\t\t\t\t\t\t\t\t<li class=\"elementor-icon-list-item\">\n\t\t\t\t\t\t\t\t\t\t\t<span class=\"elementor-icon-list-icon\">\n\t\t\t\t\t\t\t<i aria-hidden=\"true\" class=\"fas fa-circle\"><\/i>\t\t\t\t\t\t<\/span>\n\t\t\t\t\t\t\t\t\t\t<span class=\"elementor-icon-list-text\">Especialidades: aves amaz\u00f3nicas y andinas, ecolog\u00eda de bosques tropicales, interpretaci\u00f3n de vida silvestre, guiado multiling\u00fce<\/span>\n\t\t\t\t\t\t\t\t\t<\/li>\n\t\t\t\t\t\t<\/ul>\n\t\t\t\t\t\t<\/div>\n\t\t\t\t<\/div>\n\t\t<div class=\"elementor-element elementor-element-a54eb69 e-flex e-con-boxed wpr-particle-no wpr-jarallax-no wpr-parallax-no wpr-sticky-section-no wpr-equal-height-no e-con e-parent\" data-id=\"a54eb69\" data-element_type=\"container\" data-e-type=\"container\">\n\t\t\t\t\t<div class=\"e-con-inner\">\n\t\t\t\t<div class=\"elementor-element elementor-element-93ea5fe elementor-widget elementor-widget-image\" data-id=\"93ea5fe\" data-element_type=\"widget\" data-e-type=\"widget\" data-widget_type=\"image.default\">\n\t\t\t\t<div class=\"elementor-widget-container\">\n\t\t\t\t\t\t\t\t\t\t\t\t\t\t\t<img fetchpriority=\"high\" decoding=\"async\" width=\"408\" height=\"585\" src=\"https:\/\/www.birdsightingsperu.com\/wp-content\/uploads\/2025\/08\/WhatsApp-Image-2025-02-06-at-10.56.34-AM-1.jpeg\" class=\"attachment-large size-large wp-image-3096\" alt=\"\" \/>\t\t\t\t\t\t\t\t\t\t\t\t\t\t\t<\/div>\n\t\t\t\t<\/div>\n\t\t\t\t\t<\/div>\n\t\t\t\t<\/div>\n\t\t\t\t\t<\/div>\n\t\t<\/div>\n\t\t\t\t\t<\/div>\n\t\t<\/section>\n\t\t\t\t<\/div>","protected":false},"excerpt":{"rendered":"<p>Our Guides Jos\u00e9 Antonio Padilla Reyes Naturalist \u00b7 Birding \u00b7 Photography \u00b7 Guide \u00b7 South America\u2122 Jose Antonio Padilla Reyes is a seasoned naturalist and expert birding guide with over two decades of experience across South America. Born in Lima, Peru, he began his career in ecotourism at the age of 21 in the Tambopata National Reserve, in the heart of the Peruvian Amazon. Since then, he has led birding and wildlife photography tours throughout Peru, Bolivia, Brazil, Colombia, and Ecuador. Fluent in Spanish, English, and Portuguese, Jose Antonio combines deep regional knowledge with a passion for avian biodiversity. His career includes guiding in world-renowned birding hotspots such as Manu National Park, the Pantanal wetlands, and Cristalino Lodge in Brazil. He has worked with international companies such as Naturetrek Wildlife Holidays (UK), Partnership International Birding, and Birdsightings-Peru. Today, he lives in Cusco, Peru, with his family and continues to lead immersive, conservation-oriented birding and photography expeditions across the Neotropics. e-mail: jose_antonioperu@hotmail.com Languages: Spanish, English, Portuguese Specialties: Amazonian and Andean birds, rainforest ecology, wildlife interpretation, multilingual guiding<\/p>","protected":false},"author":2,"featured_media":0,"parent":2688,"menu_order":0,"comment_status":"closed","ping_status":"closed","template":"elementor_header_footer","meta":{"_price":"","_stock":"","_tribe_ticket_header":"","_tribe_default_ticket_provider":"","_tribe_ticket_capacity":"0","_ticket_start_date":"","_ticket_end_date":"","_tribe_ticket_show_description":"","_tribe_ticket_show_not_going":false,"_tribe_ticket_use_global_stock":"","_tribe_ticket_global_stock_level":"","_global_stock_mode":"","_global_stock_cap":"","_tribe_rsvp_for_event":"","_tribe_ticket_going_count":"","_tribe_ticket_not_going_count":"","_tribe_tickets_list":"[]","_tribe_ticket_has_attendee_info_fields":false,"_joinchat":[],"footnotes":"","_tec_slr_enabled":"","_tec_slr_layout":""},"class_list":["post-2958","page","type-page","status-publish","hentry"],"ticketed":false,"_links":{"self":[{"href":"https:\/\/www.birdsightingsperu.com\/es\/wp-json\/wp\/v2\/pages\/2958","targetHints":{"allow":["GET"]}}],"collection":[{"href":"https:\/\/www.birdsightingsperu.com\/es\/wp-json\/wp\/v2\/pages"}],"about":[{"href":"https:\/\/www.birdsightingsperu.com\/es\/wp-json\/wp\/v2\/types\/page"}],"author":[{"embeddable":true,"href":"https:\/\/www.birdsightingsperu.com\/es\/wp-json\/wp\/v2\/users\/2"}],"replies":[{"embeddable":true,"href":"https:\/\/www.birdsightingsperu.com\/es\/wp-json\/wp\/v2\/comments?post=2958"}],"version-history":[{"count":0,"href":"https:\/\/www.birdsightingsperu.com\/es\/wp-json\/wp\/v2\/pages\/2958\/revisions"}],"up":[{"embeddable":true,"href":"https:\/\/www.birdsightingsperu.com\/es\/wp-json\/wp\/v2\/pages\/2688"}],"wp:attachment":[{"href":"https:\/\/www.birdsightingsperu.com\/es\/wp-json\/wp\/v2\/media?parent=2958"}],"curies":[{"name":"wp","href":"https:\/\/api.w.org\/{rel}","templated":true}]}}