{"id":2788,"date":"2025-08-16T22:44:07","date_gmt":"2025-08-17T03:44:07","guid":{"rendered":"https:\/\/www.proyectoweb.forestalgil.com\/?page_id=2788"},"modified":"2025-10-10T11:00:51","modified_gmt":"2025-10-10T16:00:51","slug":"peru","status":"publish","type":"page","link":"https:\/\/www.birdsightingsperu.com\/es\/destinations\/peru\/","title":{"rendered":"Per\u00fa"},"content":{"rendered":"<div data-elementor-type=\"wp-page\" data-elementor-id=\"2788\" class=\"elementor elementor-2788\">\n\t\t\t\t\t\t<section class=\"elementor-section elementor-top-section elementor-element elementor-element-4b7ecd7e elementor-section-boxed elementor-section-height-default elementor-section-height-default row-top wpr-particle-no wpr-jarallax-no wpr-parallax-no wpr-equal-height-no\" data-id=\"4b7ecd7e\" data-element_type=\"section\" data-e-type=\"section\" data-settings=\"{&quot;background_background&quot;:&quot;classic&quot;}\">\n\t\t\t\t\t\t\t<div class=\"elementor-background-overlay\"><\/div>\n\t\t\t\t\t\t\t<div class=\"elementor-container elementor-column-gap-default\">\n\t\t\t\t\t<div class=\"elementor-column elementor-col-100 elementor-top-column elementor-element elementor-element-7547bc9b\" data-id=\"7547bc9b\" data-element_type=\"column\" data-e-type=\"column\">\n\t\t\t<div class=\"elementor-widget-wrap elementor-element-populated\">\n\t\t\t\t\t\t<div class=\"elementor-element elementor-element-39b63ec3 elementor-widget elementor-widget-heading\" data-id=\"39b63ec3\" data-element_type=\"widget\" data-e-type=\"widget\" data-widget_type=\"heading.default\">\n\t\t\t\t<div class=\"elementor-widget-container\">\n\t\t\t\t\t<h2 class=\"elementor-heading-title elementor-size-default\">PER\u00da<\/h2>\t\t\t\t<\/div>\n\t\t\t\t<\/div>\n\t\t\t\t\t<\/div>\n\t\t<\/div>\n\t\t\t\t\t<\/div>\n\t\t<\/section>\n\t\t\t\t<section class=\"elementor-section elementor-top-section elementor-element elementor-element-72c11f62 elementor-section-boxed elementor-section-height-default elementor-section-height-default row-top wpr-particle-no wpr-jarallax-no wpr-parallax-no wpr-sticky-section-no wpr-equal-height-no\" data-id=\"72c11f62\" data-element_type=\"section\" data-e-type=\"section\" data-settings=\"{&quot;background_background&quot;:&quot;classic&quot;}\">\n\t\t\t\t\t\t<div class=\"elementor-container elementor-column-gap-default\">\n\t\t\t\t\t<div class=\"elementor-column elementor-col-50 elementor-top-column elementor-element elementor-element-59551758\" data-id=\"59551758\" data-element_type=\"column\" data-e-type=\"column\">\n\t\t\t<div class=\"elementor-widget-wrap elementor-element-populated\">\n\t\t\t\t\t\t<div class=\"elementor-element elementor-element-25a6c475 elementor-widget elementor-widget-heading\" data-id=\"25a6c475\" data-element_type=\"widget\" data-e-type=\"widget\" data-widget_type=\"heading.default\">\n\t\t\t\t<div class=\"elementor-widget-container\">\n\t\t\t\t\t<h2 class=\"elementor-heading-title elementor-size-default\">Per\u00fa: un para\u00edso global de aves y biodiversidad<\/h2>\t\t\t\t<\/div>\n\t\t\t\t<\/div>\n\t\t\t\t<div class=\"elementor-element elementor-element-392e1937 elementor-widget-divider--view-line elementor-widget elementor-widget-divider\" data-id=\"392e1937\" data-element_type=\"widget\" data-e-type=\"widget\" data-widget_type=\"divider.default\">\n\t\t\t\t<div class=\"elementor-widget-container\">\n\t\t\t\t\t\t\t<div class=\"elementor-divider\">\n\t\t\t<span class=\"elementor-divider-separator\">\n\t\t\t\t\t\t<\/span>\n\t\t<\/div>\n\t\t\t\t\t\t<\/div>\n\t\t\t\t<\/div>\n\t\t\t\t<div class=\"elementor-element elementor-element-5bf7bb75 elementor-widget elementor-widget-text-editor\" data-id=\"5bf7bb75\" data-element_type=\"widget\" data-e-type=\"widget\" data-widget_type=\"text-editor.default\">\n\t\t\t\t<div class=\"elementor-widget-container\">\n\t\t\t\t\t\t\t\t\t<p>Per\u00fa se destaca como uno de los pa\u00edses m\u00e1s biodiversos del planeta: un verdadero santuario natural que atrae a observadores de aves, bi\u00f3logos y amantes de la naturaleza de todo el mundo. Con m\u00e1s de 1,890 especies de aves registradas, Per\u00fa ocupa el segundo lugar a nivel mundial en diversidad de aves y el primer lugar del mundo en n\u00famero de aves observadas en un solo d\u00eda durante eventos organizados de avistamiento como el Global Big Day. Esta riqueza extraordinaria se debe a la diversidad de ecosistemas del pa\u00eds, que van desde la exuberante selva amaz\u00f3nica y los bosques nublados andinos, hasta los humedales costeros y los pastizales altoandinos de la puna.<\/p><p>La topograf\u00eda y la variaci\u00f3n clim\u00e1tica del pa\u00eds crean condiciones ideales para una incre\u00edble variedad de vida silvestre. Per\u00fa alberga m\u00e1s de 500 especies end\u00e9micas de flora y fauna, lo que lo convierte en un destino de primer nivel no solo para el aviturismo, sino tambi\u00e9n para el ecoturismo en general. Especies raras e ic\u00f3nicas como el Colibr\u00ed Cola de Esp\u00e1tula, el Gallito de las Rocas Andino y el esquivo Lechuz\u00f3n Bigotudo pueden observarse en sus h\u00e1bitats naturales.<\/p><p>Ya sea que explores los bosques neblinosos de Abra Patricia, las monta\u00f1as remotas de la Reserva de Biosfera del Manu o los bosques secos del noroeste, Per\u00fa ofrece encuentros inolvidables con la naturaleza en cada paso. Su vibrante avifauna y su extraordinaria biodiversidad lo convierten en una verdadera joya de la conservaci\u00f3n y en un destino imprescindible para quienes sienten pasi\u00f3n por el mundo natural.<\/p>\t\t\t\t\t\t\t\t<\/div>\n\t\t\t\t<\/div>\n\t\t\t\t<div class=\"elementor-element elementor-element-c37ed7a elementor-widget elementor-widget-button\" data-id=\"c37ed7a\" data-element_type=\"widget\" data-e-type=\"widget\" data-widget_type=\"button.default\">\n\t\t\t\t<div class=\"elementor-widget-container\">\n\t\t\t\t\t\t\t\t\t<div class=\"elementor-button-wrapper\">\n\t\t\t\t\t<a class=\"elementor-button elementor-button-link elementor-size-sm elementor-animation-grow\" href=\"\/es\/tours\/peru-tours\/\">\n\t\t\t\t\t\t<span class=\"elementor-button-content-wrapper\">\n\t\t\t\t\t\t\t\t\t<span class=\"elementor-button-text\">\u2728 LISTO PARA TU AVENTURA? EXPLORA NUESTROS TOURS <\/span>\n\t\t\t\t\t<\/span>\n\t\t\t\t\t<\/a>\n\t\t\t\t<\/div>\n\t\t\t\t\t\t\t\t<\/div>\n\t\t\t\t<\/div>\n\t\t\t\t\t<\/div>\n\t\t<\/div>\n\t\t\t\t<div class=\"elementor-column elementor-col-50 elementor-top-column elementor-element elementor-element-61ea2941\" data-id=\"61ea2941\" data-element_type=\"column\" data-e-type=\"column\">\n\t\t\t<div class=\"elementor-widget-wrap elementor-element-populated\">\n\t\t\t\t\t\t<div class=\"elementor-element elementor-element-e65de9c elementor-widget elementor-widget-image\" data-id=\"e65de9c\" data-element_type=\"widget\" data-e-type=\"widget\" data-widget_type=\"image.default\">\n\t\t\t\t<div class=\"elementor-widget-container\">\n\t\t\t\t\t\t\t\t\t\t\t\t\t\t\t<img fetchpriority=\"high\" decoding=\"async\" width=\"1600\" height=\"793\" src=\"https:\/\/www.birdsightingsperu.com\/wp-content\/uploads\/2025\/08\/machpichu.jpg\" class=\"attachment-full size-full wp-image-3614\" alt=\"\" srcset=\"https:\/\/www.birdsightingsperu.com\/wp-content\/uploads\/2025\/08\/machpichu.jpg 1600w, https:\/\/www.birdsightingsperu.com\/wp-content\/uploads\/2025\/08\/machpichu-1024x508.jpg 1024w, https:\/\/www.birdsightingsperu.com\/wp-content\/uploads\/2025\/08\/machpichu-768x381.jpg 768w\" sizes=\"(max-width: 1600px) 100vw, 1600px\" \/>\t\t\t\t\t\t\t\t\t\t\t\t\t\t\t<\/div>\n\t\t\t\t<\/div>\n\t\t\t\t<div class=\"elementor-element elementor-element-ea1f785 elementor-widget elementor-widget-image\" data-id=\"ea1f785\" data-element_type=\"widget\" data-e-type=\"widget\" data-widget_type=\"image.default\">\n\t\t\t\t<div class=\"elementor-widget-container\">\n\t\t\t\t\t\t\t\t\t\t\t\t\t\t\t<img decoding=\"async\" width=\"1280\" height=\"634\" src=\"https:\/\/www.birdsightingsperu.com\/wp-content\/uploads\/2025\/08\/guacamayos.jpg\" class=\"attachment-full size-full wp-image-3615\" alt=\"\" srcset=\"https:\/\/www.birdsightingsperu.com\/wp-content\/uploads\/2025\/08\/guacamayos.jpg 1280w, https:\/\/www.birdsightingsperu.com\/wp-content\/uploads\/2025\/08\/guacamayos-1024x507.jpg 1024w, https:\/\/www.birdsightingsperu.com\/wp-content\/uploads\/2025\/08\/guacamayos-768x380.jpg 768w\" sizes=\"(max-width: 1280px) 100vw, 1280px\" \/>\t\t\t\t\t\t\t\t\t\t\t\t\t\t\t<\/div>\n\t\t\t\t<\/div>\n\t\t\t\t\t<\/div>\n\t\t<\/div>\n\t\t\t\t\t<\/div>\n\t\t<\/section>\n\t\t<div class=\"elementor-element elementor-element-bfe6bfe e-flex e-con-boxed wpr-particle-no wpr-jarallax-no wpr-parallax-no wpr-sticky-section-no wpr-equal-height-no e-con e-parent\" data-id=\"bfe6bfe\" data-element_type=\"container\" data-e-type=\"container\">\n\t\t\t\t\t<div class=\"e-con-inner\">\n\t\t\t\t<div class=\"elementor-element elementor-element-68a9c21 elementor-widget elementor-widget-video\" data-id=\"68a9c21\" data-element_type=\"widget\" data-e-type=\"widget\" data-settings=\"{&quot;video_type&quot;:&quot;hosted&quot;,&quot;controls&quot;:&quot;yes&quot;}\" data-widget_type=\"video.default\">\n\t\t\t\t<div class=\"elementor-widget-container\">\n\t\t\t\t\t\t\t<div class=\"e-hosted-video elementor-wrapper elementor-open-inline\">\n\t\t\t\t\t<video class=\"elementor-video\" src=\"https:\/\/www.birdsightingsperu.com\/wp-content\/uploads\/2025\/10\/watermarked-3c69ad39-b123-45d3-b9bb-acf579ace58e.mp4\" controls=\"\" preload=\"metadata\" controlslist=\"nodownload\"><\/video>\n\t\t\t\t<\/div>\n\t\t\t\t\t\t<\/div>\n\t\t\t\t<\/div>\n\t\t\t\t\t<\/div>\n\t\t\t\t<\/div>\n\t\t\t\t<\/div>","protected":false},"excerpt":{"rendered":"<p>PERU Per\u00fa: A Global Paradise of Birds and Biodiversity Peru stands as one of the most biodiverse countries on the planet \u2014 a true natural sanctuary that attracts birdwatchers, biologists, and nature lovers from all corners of the world. With over 1,890 recorded bird species, Peru ranks second globally in bird diversity, and first in the world for the number of birds observed in a single day during organized birding events like the Global Big Day. This extraordinary richness is due to its diverse ecosystems, ranging from the lush Amazon rainforest and Andean cloud forests to coastal wetlands and high-altitude puna grasslands. The country&#8217;s topography and climate variation create ideal conditions for an incredible variety of wildlife. Peru is home to over 500 endemic species of flora and fauna, making it a top destination not only for birding but for ecotourism in general. Rare and iconic species such as the Marvelous Spatuletail, Andean Cock-of-the-rock, and the elusive Long-whiskered Owlet can be spotted in their natural habitats. Whether you are exploring the misty forests of Abra Patricia, the remote mountains of the Manu Biosphere Reserve, or the dry forests of the northwest, Peru offers unforgettable encounters with nature at every turn. Its vibrant birdlife and rich biodiversity make it a true jewel of conservation and a must-visit for anyone passionate about the natural world. \u2728 Ready for your adventure? Explore our tours \u2192 https:\/\/www.birdsightingsperu.com\/wp-content\/uploads\/2025\/10\/watermarked-3c69ad39-b123-45d3-b9bb-acf579ace58e.mp4<\/p>","protected":false},"author":2,"featured_media":0,"parent":2962,"menu_order":0,"comment_status":"closed","ping_status":"closed","template":"elementor_header_footer","meta":{"_price":"","_stock":"","_tribe_ticket_header":"","_tribe_default_ticket_provider":"","_tribe_ticket_capacity":"0","_ticket_start_date":"","_ticket_end_date":"","_tribe_ticket_show_description":"","_tribe_ticket_show_not_going":false,"_tribe_ticket_use_global_stock":"","_tribe_ticket_global_stock_level":"","_global_stock_mode":"","_global_stock_cap":"","_tribe_rsvp_for_event":"","_tribe_ticket_going_count":"","_tribe_ticket_not_going_count":"","_tribe_tickets_list":"[]","_tribe_ticket_has_attendee_info_fields":false,"_joinchat":[],"footnotes":"","_tec_slr_enabled":"","_tec_slr_layout":""},"class_list":["post-2788","page","type-page","status-publish","hentry"],"ticketed":false,"_links":{"self":[{"href":"https:\/\/www.birdsightingsperu.com\/es\/wp-json\/wp\/v2\/pages\/2788","targetHints":{"allow":["GET"]}}],"collection":[{"href":"https:\/\/www.birdsightingsperu.com\/es\/wp-json\/wp\/v2\/pages"}],"about":[{"href":"https:\/\/www.birdsightingsperu.com\/es\/wp-json\/wp\/v2\/types\/page"}],"author":[{"embeddable":true,"href":"https:\/\/www.birdsightingsperu.com\/es\/wp-json\/wp\/v2\/users\/2"}],"replies":[{"embeddable":true,"href":"https:\/\/www.birdsightingsperu.com\/es\/wp-json\/wp\/v2\/comments?post=2788"}],"version-history":[{"count":3,"href":"https:\/\/www.birdsightingsperu.com\/es\/wp-json\/wp\/v2\/pages\/2788\/revisions"}],"predecessor-version":[{"id":7251,"href":"https:\/\/www.birdsightingsperu.com\/es\/wp-json\/wp\/v2\/pages\/2788\/revisions\/7251"}],"up":[{"embeddable":true,"href":"https:\/\/www.birdsightingsperu.com\/es\/wp-json\/wp\/v2\/pages\/2962"}],"wp:attachment":[{"href":"https:\/\/www.birdsightingsperu.com\/es\/wp-json\/wp\/v2\/media?parent=2788"}],"curies":[{"name":"wp","href":"https:\/\/api.w.org\/{rel}","templated":true}]}}